{"id":2986,"date":"2021-12-08T16:37:11","date_gmt":"2021-12-08T21:37:11","guid":{"rendered":"http:\/\/polystarinc.com\/?page_id=2986"},"modified":"2021-12-08T16:43:29","modified_gmt":"2021-12-08T21:43:29","slug":"films-de-polyethylene-laspect-specialite","status":"publish","type":"page","link":"http:\/\/polystarinc.com\/fr\/produits\/films-de-polyethylene-laspect-specialite\/","title":{"rendered":"Films de poly\u00e9thyl\u00e8ne\u2026 l\u2019aspect sp\u00e9cialit\u00e9"},"content":{"rendered":"\t\t<div data-elementor-type=\"wp-page\" data-elementor-id=\"2986\" class=\"elementor elementor-2986 elementor-2073\" data-elementor-post-type=\"page\">\n\t\t\t\t\t\t<section class=\"elementor-section elementor-top-section elementor-element elementor-element-6d269ebc elementor-section-full_width elementor-section-stretched elementor-section-height-default elementor-section-height-default\" data-id=\"6d269ebc\" data-element_type=\"section\" data-e-type=\"section\" data-settings=\"{&quot;stretch_section&quot;:&quot;section-stretched&quot;}\">\n\t\t\t\t\t\t<div class=\"elementor-container elementor-column-gap-default\">\n\t\t\t\t\t<div class=\"elementor-column elementor-col-100 elementor-top-column elementor-element elementor-element-4530f04f\" data-id=\"4530f04f\" data-element_type=\"column\" data-e-type=\"column\">\n\t\t\t<div class=\"elementor-widget-wrap elementor-element-populated\">\n\t\t\t\t\t\t<section class=\"elementor-section elementor-inner-section elementor-element elementor-element-2a03c515 elementor-section-boxed elementor-section-height-default elementor-section-height-default\" data-id=\"2a03c515\" data-element_type=\"section\" data-e-type=\"section\">\n\t\t\t\t\t\t<div class=\"elementor-container elementor-column-gap-default\">\n\t\t\t\t\t<div class=\"elementor-column elementor-col-33 elementor-inner-column elementor-element elementor-element-27a6703a\" data-id=\"27a6703a\" data-element_type=\"column\" data-e-type=\"column\">\n\t\t\t<div class=\"elementor-widget-wrap elementor-element-populated\">\n\t\t\t\t\t\t<div class=\"elementor-element elementor-element-75a172c9 elementor-nav-menu--dropdown-mobile elementor-nav-menu__text-align-aside elementor-widget elementor-widget-nav-menu\" data-id=\"75a172c9\" data-element_type=\"widget\" data-e-type=\"widget\" data-settings=\"{&quot;layout&quot;:&quot;vertical&quot;,&quot;submenu_icon&quot;:{&quot;value&quot;:&quot;&lt;i class=\\&quot;fas fa-caret-down\\&quot; aria-hidden=\\&quot;true\\&quot;&gt;&lt;\\\/i&gt;&quot;,&quot;library&quot;:&quot;fa-solid&quot;}}\" data-widget_type=\"nav-menu.default\">\n\t\t\t\t<div class=\"elementor-widget-container\">\n\t\t\t\t\t\t\t\t<nav aria-label=\"Menu\" class=\"elementor-nav-menu--main elementor-nav-menu__container elementor-nav-menu--layout-vertical e--pointer-text e--animation-none\">\n\t\t\t\t<ul id=\"menu-1-75a172c9\" class=\"elementor-nav-menu sm-vertical\"><li class=\"menu-item menu-item-type-post_type menu-item-object-page menu-item-2991\"><a href=\"http:\/\/polystarinc.com\/fr\/produits\/sacs\/\" class=\"elementor-item\">Sacs<\/a><\/li>\n<li class=\"menu-item menu-item-type-post_type menu-item-object-page menu-item-2992\"><a href=\"http:\/\/polystarinc.com\/fr\/produits\/rouleaux-de-pellicule\/\" class=\"elementor-item\">Rouleaux de pellicule<\/a><\/li>\n<li class=\"menu-item menu-item-type-post_type menu-item-object-page menu-item-2993\"><a href=\"http:\/\/polystarinc.com\/fr\/produits\/extrusion-de-film-de-polyethylene\/\" class=\"elementor-item\">Extrusion de film de poly\u00e9thyl\u00e8ne<\/a><\/li>\n<li class=\"menu-item menu-item-type-post_type menu-item-object-page menu-item-2994\"><a href=\"http:\/\/polystarinc.com\/fr\/produits\/films-de-polyethylene-laspect-specialite\/\" class=\"elementor-item\">Films de poly\u00e9thyl\u00e8ne\u2026 l\u2019aspect sp\u00e9cialit\u00e9<\/a><\/li>\n<\/ul>\t\t\t<\/nav>\n\t\t\t\t\t\t<nav class=\"elementor-nav-menu--dropdown elementor-nav-menu__container\" aria-hidden=\"true\">\n\t\t\t\t<ul id=\"menu-2-75a172c9\" class=\"elementor-nav-menu sm-vertical\"><li class=\"menu-item menu-item-type-post_type menu-item-object-page menu-item-2991\"><a href=\"http:\/\/polystarinc.com\/fr\/produits\/sacs\/\" class=\"elementor-item\" tabindex=\"-1\">Sacs<\/a><\/li>\n<li class=\"menu-item menu-item-type-post_type menu-item-object-page menu-item-2992\"><a href=\"http:\/\/polystarinc.com\/fr\/produits\/rouleaux-de-pellicule\/\" class=\"elementor-item\" tabindex=\"-1\">Rouleaux de pellicule<\/a><\/li>\n<li class=\"menu-item menu-item-type-post_type menu-item-object-page menu-item-2993\"><a href=\"http:\/\/polystarinc.com\/fr\/produits\/extrusion-de-film-de-polyethylene\/\" class=\"elementor-item\" tabindex=\"-1\">Extrusion de film de poly\u00e9thyl\u00e8ne<\/a><\/li>\n<li class=\"menu-item menu-item-type-post_type menu-item-object-page menu-item-2994\"><a href=\"http:\/\/polystarinc.com\/fr\/produits\/films-de-polyethylene-laspect-specialite\/\" class=\"elementor-item\" tabindex=\"-1\">Films de poly\u00e9thyl\u00e8ne\u2026 l\u2019aspect sp\u00e9cialit\u00e9<\/a><\/li>\n<\/ul>\t\t\t<\/nav>\n\t\t\t\t\t\t<\/div>\n\t\t\t\t<\/div>\n\t\t\t\t\t<\/div>\n\t\t<\/div>\n\t\t\t\t<div class=\"elementor-column elementor-col-66 elementor-inner-column elementor-element elementor-element-633913d6\" data-id=\"633913d6\" data-element_type=\"column\" data-e-type=\"column\">\n\t\t\t<div class=\"elementor-widget-wrap elementor-element-populated\">\n\t\t\t\t\t\t<div class=\"elementor-element elementor-element-27d41ada elementor-widget elementor-widget-heading\" data-id=\"27d41ada\" data-element_type=\"widget\" data-e-type=\"widget\" data-widget_type=\"heading.default\">\n\t\t\t\t<div class=\"elementor-widget-container\">\n\t\t\t\t\t<h2 class=\"elementor-heading-title elementor-size-default\">Films de poly\u00e9thyl\u00e8ne\u2026 l\u2019aspect sp\u00e9cialit\u00e9<\/h2>\t\t\t\t<\/div>\n\t\t\t\t<\/div>\n\t\t\t\t<div class=\"elementor-element elementor-element-16d6b3a1 elementor-widget elementor-widget-text-editor\" data-id=\"16d6b3a1\" data-element_type=\"widget\" data-e-type=\"widget\" data-widget_type=\"text-editor.default\">\n\t\t\t\t<div class=\"elementor-widget-container\">\n\t\t\t\t\t\t\t\t\t<p>La capacit\u00e9 d\u2019extrusion de POLYSTAR ne se limite pas aux pellicules de type conventionnel. Nous sommes enti\u00e8rement homologu\u00e9s et \u00e9quip\u00e9s pour utiliser des additifs de sp\u00e9cialit\u00e9 dans une approche structur\u00e9e.<\/p><p>Depuis un bon moment d\u00e9j\u00e0, nous offrons des pellicules de qualit\u00e9 sp\u00e9cialit\u00e9 avec contenu recycl\u00e9 en postproduction. Une structure interne compl\u00e8te a \u00e9t\u00e9 mise sur pied afin d\u2019effectuer le suivi pr\u00e9cis de la composition des pellicules. Cette structure nous permet de recycler avec facilit\u00e9 et efficacit\u00e9 les formulations de pellicule appropri\u00e9es assurant un produit fini de haute qualit\u00e9, tout en pr\u00e9sentant les avantages \u00e9cologiques de r\u00e9duire, r\u00e9utiliser et recycler.<\/p><p>Non seulement sommes-nous en mesure d\u2019offrir diff\u00e9rentes qualit\u00e9s de pellicules dont une partie du contenu est recycl\u00e9, mais nous pouvons aussi offrir diff\u00e9rentes qualit\u00e9s de pellicules biod\u00e9gradables. Au fil des ans, nous avons examin\u00e9 diverses options et sommes homologu\u00e9s en vue d\u2019utiliser une vari\u00e9t\u00e9 de technologies nous permettant de le faire.<\/p><p>Finalement, nous tirons une tr\u00e8s grande fiert\u00e9 de la diversification de nos produits, de la propret\u00e9 de nos usines, de nos bonnes pratiques commerciales et de notre excellent service \u00e0 la client\u00e8le. N\u2019h\u00e9sitez pas \u00e0 communiquer avec nous pour discuter de vos besoins en mati\u00e8re d\u2019emballage.<\/p>\t\t\t\t\t\t\t\t<\/div>\n\t\t\t\t<\/div>\n\t\t\t\t<div class=\"elementor-element elementor-element-51a0b11a elementor-widget elementor-widget-image\" data-id=\"51a0b11a\" data-element_type=\"widget\" data-e-type=\"widget\" data-widget_type=\"image.default\">\n\t\t\t\t<div class=\"elementor-widget-container\">\n\t\t\t\t\t\t\t\t\t\t\t\t\t\t\t<img fetchpriority=\"high\" decoding=\"async\" width=\"1024\" height=\"683\" src=\"http:\/\/polystarinc.com\/wp-content\/uploads\/2021\/05\/polyethylene-films-1024x683.jpg\" class=\"attachment-large size-large wp-image-2829\" alt=\"\" srcset=\"http:\/\/polystarinc.com\/wp-content\/uploads\/2021\/05\/polyethylene-films-1024x683.jpg 1024w, http:\/\/polystarinc.com\/wp-content\/uploads\/2021\/05\/polyethylene-films-300x200.jpg 300w, http:\/\/polystarinc.com\/wp-content\/uploads\/2021\/05\/polyethylene-films-768x512.jpg 768w, http:\/\/polystarinc.com\/wp-content\/uploads\/2021\/05\/polyethylene-films.jpg 1500w\" sizes=\"(max-width: 1024px) 100vw, 1024px\" \/>\t\t\t\t\t\t\t\t\t\t\t\t\t\t\t<\/div>\n\t\t\t\t<\/div>\n\t\t\t\t<div class=\"elementor-element elementor-element-740aa8f4 elementor-widget elementor-widget-spacer\" data-id=\"740aa8f4\" data-element_type=\"widget\" data-e-type=\"widget\" data-widget_type=\"spacer.default\">\n\t\t\t\t<div class=\"elementor-widget-container\">\n\t\t\t\t\t\t\t<div class=\"elementor-spacer\">\n\t\t\t<div class=\"elementor-spacer-inner\"><\/div>\n\t\t<\/div>\n\t\t\t\t\t\t<\/div>\n\t\t\t\t<\/div>\n\t\t\t\t\t<\/div>\n\t\t<\/div>\n\t\t\t\t\t<\/div>\n\t\t<\/section>\n\t\t\t\t\t<\/div>\n\t\t<\/div>\n\t\t\t\t\t<\/div>\n\t\t<\/section>\n\t\t\t\t<section class=\"elementor-section elementor-top-section elementor-element elementor-element-73e22237 elementor-section-stretched elementor-section-boxed elementor-section-height-default elementor-section-height-default\" data-id=\"73e22237\" data-element_type=\"section\" data-e-type=\"section\" data-settings=\"{&quot;stretch_section&quot;:&quot;section-stretched&quot;,&quot;background_background&quot;:&quot;classic&quot;}\">\n\t\t\t\t\t\t<div class=\"elementor-container elementor-column-gap-default\">\n\t\t\t\t\t<div class=\"elementor-column elementor-col-100 elementor-top-column elementor-element elementor-element-41e0fbd7\" data-id=\"41e0fbd7\" data-element_type=\"column\" data-e-type=\"column\">\n\t\t\t<div class=\"elementor-widget-wrap elementor-element-populated\">\n\t\t\t\t\t\t<div class=\"elementor-element elementor-element-4cb4f4a6 elementor-widget elementor-widget-text-editor\" data-id=\"4cb4f4a6\" data-element_type=\"widget\" data-e-type=\"widget\" data-widget_type=\"text-editor.default\">\n\t\t\t\t<div class=\"elementor-widget-container\">\n\t\t\t\t\t\t\t\t\t<h4 style=\"color: #fff;\"><span lang=\"EN-US\">Pour plus d&rsquo;informations sur votre prochain projet d&#8217;emballage,<\/span><\/h4>\n<h4 style=\"color: #fff;\"><span lang=\"EN-US\">appelez-nous au <a style=\"color: #fff;\" href=\"tel:+5146488171\">514.648.8171<\/a> ou envoyez un courriel \u00e0 <a style=\"color: #fff;\" href=\"mailto:information@polystarinc.com\">information@polystarinc.com <\/a><\/span><\/h4>\t\t\t\t\t\t\t\t<\/div>\n\t\t\t\t<\/div>\n\t\t\t\t\t<\/div>\n\t\t<\/div>\n\t\t\t\t\t<\/div>\n\t\t<\/section>\n\t\t\t\t<\/div>\n\t\t","protected":false},"excerpt":{"rendered":"<p>Films de poly\u00e9thyl\u00e8ne\u2026 l\u2019aspect sp\u00e9cialit\u00e9 La capacit\u00e9 d\u2019extrusion de POLYSTAR ne se limite pas aux pellicules de type conventionnel. Nous sommes enti\u00e8rement homologu\u00e9s et \u00e9quip\u00e9s pour utiliser des additifs de sp\u00e9cialit\u00e9 dans une approche structur\u00e9e. Depuis un bon moment d\u00e9j\u00e0, nous offrons des pellicules de qualit\u00e9 sp\u00e9cialit\u00e9 avec contenu recycl\u00e9 en postproduction. Une structure interne&hellip;<\/p>\n","protected":false},"author":1,"featured_media":0,"parent":2965,"menu_order":0,"comment_status":"closed","ping_status":"closed","template":"","meta":{"footnotes":""},"class_list":["post-2986","page","type-page","status-publish","hentry"],"_links":{"self":[{"href":"http:\/\/polystarinc.com\/fr\/wp-json\/wp\/v2\/pages\/2986","targetHints":{"allow":["GET"]}}],"collection":[{"href":"http:\/\/polystarinc.com\/fr\/wp-json\/wp\/v2\/pages"}],"about":[{"href":"http:\/\/polystarinc.com\/fr\/wp-json\/wp\/v2\/types\/page"}],"author":[{"embeddable":true,"href":"http:\/\/polystarinc.com\/fr\/wp-json\/wp\/v2\/users\/1"}],"replies":[{"embeddable":true,"href":"http:\/\/polystarinc.com\/fr\/wp-json\/wp\/v2\/comments?post=2986"}],"version-history":[{"count":4,"href":"http:\/\/polystarinc.com\/fr\/wp-json\/wp\/v2\/pages\/2986\/revisions"}],"predecessor-version":[{"id":2990,"href":"http:\/\/polystarinc.com\/fr\/wp-json\/wp\/v2\/pages\/2986\/revisions\/2990"}],"up":[{"embeddable":true,"href":"http:\/\/polystarinc.com\/fr\/wp-json\/wp\/v2\/pages\/2965"}],"wp:attachment":[{"href":"http:\/\/polystarinc.com\/fr\/wp-json\/wp\/v2\/media?parent=2986"}],"curies":[{"name":"wp","href":"https:\/\/api.w.org\/{rel}","templated":true}]}}