{"id":2980,"date":"2021-12-08T16:22:44","date_gmt":"2021-12-08T21:22:44","guid":{"rendered":"http:\/\/polystarinc.com\/?page_id=2980"},"modified":"2021-12-08T16:27:17","modified_gmt":"2021-12-08T21:27:17","slug":"extrusion-de-film-de-polyethylene","status":"publish","type":"page","link":"http:\/\/polystarinc.com\/fr\/produits\/extrusion-de-film-de-polyethylene\/","title":{"rendered":"Extrusion de film de poly\u00e9thyl\u00e8ne"},"content":{"rendered":"\t\t<div data-elementor-type=\"wp-page\" data-elementor-id=\"2980\" class=\"elementor elementor-2980 elementor-2064\" data-elementor-post-type=\"page\">\n\t\t\t\t\t\t<section class=\"elementor-section elementor-top-section elementor-element elementor-element-116f46cc elementor-section-full_width elementor-section-stretched elementor-section-height-default elementor-section-height-default\" data-id=\"116f46cc\" data-element_type=\"section\" data-e-type=\"section\" data-settings=\"{&quot;stretch_section&quot;:&quot;section-stretched&quot;}\">\n\t\t\t\t\t\t<div class=\"elementor-container elementor-column-gap-default\">\n\t\t\t\t\t<div class=\"elementor-column elementor-col-100 elementor-top-column elementor-element elementor-element-4e773756\" data-id=\"4e773756\" data-element_type=\"column\" data-e-type=\"column\">\n\t\t\t<div class=\"elementor-widget-wrap elementor-element-populated\">\n\t\t\t\t\t\t<section class=\"elementor-section elementor-inner-section elementor-element elementor-element-36c847cf elementor-section-boxed elementor-section-height-default elementor-section-height-default\" data-id=\"36c847cf\" data-element_type=\"section\" data-e-type=\"section\">\n\t\t\t\t\t\t<div class=\"elementor-container elementor-column-gap-default\">\n\t\t\t\t\t<div class=\"elementor-column elementor-col-33 elementor-inner-column elementor-element elementor-element-6bbceef1\" data-id=\"6bbceef1\" data-element_type=\"column\" data-e-type=\"column\">\n\t\t\t<div class=\"elementor-widget-wrap elementor-element-populated\">\n\t\t\t\t\t\t<div class=\"elementor-element elementor-element-15eac46b elementor-nav-menu--dropdown-mobile elementor-nav-menu__text-align-aside elementor-widget elementor-widget-nav-menu\" data-id=\"15eac46b\" data-element_type=\"widget\" data-e-type=\"widget\" data-settings=\"{&quot;layout&quot;:&quot;vertical&quot;,&quot;submenu_icon&quot;:{&quot;value&quot;:&quot;&lt;i class=\\&quot;fas fa-caret-down\\&quot; aria-hidden=\\&quot;true\\&quot;&gt;&lt;\\\/i&gt;&quot;,&quot;library&quot;:&quot;fa-solid&quot;}}\" data-widget_type=\"nav-menu.default\">\n\t\t\t\t<div class=\"elementor-widget-container\">\n\t\t\t\t\t\t\t\t<nav aria-label=\"Menu\" class=\"elementor-nav-menu--main elementor-nav-menu__container elementor-nav-menu--layout-vertical e--pointer-text e--animation-none\">\n\t\t\t\t<ul id=\"menu-1-15eac46b\" class=\"elementor-nav-menu sm-vertical\"><li class=\"menu-item menu-item-type-post_type menu-item-object-page menu-item-2991\"><a href=\"http:\/\/polystarinc.com\/fr\/produits\/sacs\/\" class=\"elementor-item\">Sacs<\/a><\/li>\n<li class=\"menu-item menu-item-type-post_type menu-item-object-page menu-item-2992\"><a href=\"http:\/\/polystarinc.com\/fr\/produits\/rouleaux-de-pellicule\/\" class=\"elementor-item\">Rouleaux de pellicule<\/a><\/li>\n<li class=\"menu-item menu-item-type-post_type menu-item-object-page menu-item-2993\"><a href=\"http:\/\/polystarinc.com\/fr\/produits\/extrusion-de-film-de-polyethylene\/\" class=\"elementor-item\">Extrusion de film de poly\u00e9thyl\u00e8ne<\/a><\/li>\n<li class=\"menu-item menu-item-type-post_type menu-item-object-page menu-item-2994\"><a href=\"http:\/\/polystarinc.com\/fr\/produits\/films-de-polyethylene-laspect-specialite\/\" class=\"elementor-item\">Films de poly\u00e9thyl\u00e8ne\u2026 l\u2019aspect sp\u00e9cialit\u00e9<\/a><\/li>\n<\/ul>\t\t\t<\/nav>\n\t\t\t\t\t\t<nav class=\"elementor-nav-menu--dropdown elementor-nav-menu__container\" aria-hidden=\"true\">\n\t\t\t\t<ul id=\"menu-2-15eac46b\" class=\"elementor-nav-menu sm-vertical\"><li class=\"menu-item menu-item-type-post_type menu-item-object-page menu-item-2991\"><a href=\"http:\/\/polystarinc.com\/fr\/produits\/sacs\/\" class=\"elementor-item\" tabindex=\"-1\">Sacs<\/a><\/li>\n<li class=\"menu-item menu-item-type-post_type menu-item-object-page menu-item-2992\"><a href=\"http:\/\/polystarinc.com\/fr\/produits\/rouleaux-de-pellicule\/\" class=\"elementor-item\" tabindex=\"-1\">Rouleaux de pellicule<\/a><\/li>\n<li class=\"menu-item menu-item-type-post_type menu-item-object-page menu-item-2993\"><a href=\"http:\/\/polystarinc.com\/fr\/produits\/extrusion-de-film-de-polyethylene\/\" class=\"elementor-item\" tabindex=\"-1\">Extrusion de film de poly\u00e9thyl\u00e8ne<\/a><\/li>\n<li class=\"menu-item menu-item-type-post_type menu-item-object-page menu-item-2994\"><a href=\"http:\/\/polystarinc.com\/fr\/produits\/films-de-polyethylene-laspect-specialite\/\" class=\"elementor-item\" tabindex=\"-1\">Films de poly\u00e9thyl\u00e8ne\u2026 l\u2019aspect sp\u00e9cialit\u00e9<\/a><\/li>\n<\/ul>\t\t\t<\/nav>\n\t\t\t\t\t\t<\/div>\n\t\t\t\t<\/div>\n\t\t\t\t\t<\/div>\n\t\t<\/div>\n\t\t\t\t<div class=\"elementor-column elementor-col-66 elementor-inner-column elementor-element elementor-element-36ea06dd\" data-id=\"36ea06dd\" data-element_type=\"column\" data-e-type=\"column\">\n\t\t\t<div class=\"elementor-widget-wrap elementor-element-populated\">\n\t\t\t\t\t\t<div class=\"elementor-element elementor-element-178228db elementor-widget elementor-widget-heading\" data-id=\"178228db\" data-element_type=\"widget\" data-e-type=\"widget\" data-widget_type=\"heading.default\">\n\t\t\t\t<div class=\"elementor-widget-container\">\n\t\t\t\t\t<h2 class=\"elementor-heading-title elementor-size-default\">Extrusion de film de poly\u00e9thyl\u00e8ne<\/h2>\t\t\t\t<\/div>\n\t\t\t\t<\/div>\n\t\t\t\t<div class=\"elementor-element elementor-element-41f26fe0 elementor-widget elementor-widget-text-editor\" data-id=\"41f26fe0\" data-element_type=\"widget\" data-e-type=\"widget\" data-widget_type=\"text-editor.default\">\n\t\t\t\t<div class=\"elementor-widget-container\">\n\t\t\t\t\t\t\t\t\t<p>Les capacit\u00e9s d\u2019extrusion de POLYSTAR et de ses partenaires commerciaux les placent au troisi\u00e8me rang en Am\u00e9rique du Nord. Cela vient ajouter foi \u00e0 notre position de partenaire strat\u00e9gique en ce qui concerne tous les besoins en mati\u00e8re d\u2018emballages flexible \u00e0 travers les \u00c9tats-Unis et le Canada. Ind\u00e9pendamment des conditions du march\u00e9, l\u2019\u00e9quipement des usines de transformation est en mesure d\u2019accueillir des pellicules de haute qualit\u00e9 de divers volumes et tailles, au besoin. Nous sommes l\u00e0 pour satisfaire les besoins actuels et futurs de nos clients.<\/p><p>Cette capacit\u00e9 d\u2019extrusion ne constitue qu\u2019une partie de l\u2019\u00e9quation. Comprendre le processus d\u2019extrusion et \u00eatre au fait des nouvelles r\u00e9sines offertes et de leur disponibilit\u00e9 sur le march\u00e9 sont des facteurs tout aussi importants. Nous utilisons de nombreux types de r\u00e9sines et d\u2019additifs pour assurer que les films que nous vous proposons sont produits dans les meilleures conditions possibles. Notre gamme de r\u00e9sines comprend des r\u00e9sines de poly\u00e9thyl\u00e8ne haute densit\u00e9 (PEHD) aux r\u00e9sines m\u00e9talloc\u00e8nes, produites par technologie la plus r\u00e9cente. Avec nos partenaires commerciaux, nous sommes en mesure de travailler avec les couleurs et les compos\u00e9s d\u2019addition de la plus haute qualit\u00e9 qui soient. De plus, nous sommes en mesure de produire des films monocouche, co-extrud\u00e9s et co-extrud\u00e9s trois couches. Ainsi, POLYSTAR sera en mesure de vous fournir le film qui convient le mieux \u00e0 votre application.<\/p><p>Notre \u00e9quipe de professionnels de la vente, de sp\u00e9cialistes et d\u2019ing\u00e9nieurs chevronn\u00e9s s\u2019assurera que tous les commentaires re\u00e7us seront communiqu\u00e9s \u00e0 nos partenaires commerciaux charg\u00e9s du processus d\u2019extrusion. Nos clients sont assur\u00e9s que l\u2019emballage dont ils ont besoin est de la plus haute qualit\u00e9 et qu\u2019il r\u00e9pond \u00e0 toutes les normes de qualit\u00e9 exigibles pour le produit qu\u2019ils offrent.<\/p>\t\t\t\t\t\t\t\t<\/div>\n\t\t\t\t<\/div>\n\t\t\t\t<div class=\"elementor-element elementor-element-67d2c0a9 elementor-widget elementor-widget-image\" data-id=\"67d2c0a9\" data-element_type=\"widget\" data-e-type=\"widget\" data-widget_type=\"image.default\">\n\t\t\t\t<div class=\"elementor-widget-container\">\n\t\t\t\t\t\t\t\t\t\t\t\t\t\t\t<img fetchpriority=\"high\" decoding=\"async\" width=\"1024\" height=\"683\" src=\"http:\/\/polystarinc.com\/wp-content\/uploads\/2021\/05\/Polyethylene-1024x683.jpg\" class=\"attachment-large size-large wp-image-2828\" alt=\"\" srcset=\"http:\/\/polystarinc.com\/wp-content\/uploads\/2021\/05\/Polyethylene-1024x683.jpg 1024w, http:\/\/polystarinc.com\/wp-content\/uploads\/2021\/05\/Polyethylene-300x200.jpg 300w, http:\/\/polystarinc.com\/wp-content\/uploads\/2021\/05\/Polyethylene-768x512.jpg 768w, http:\/\/polystarinc.com\/wp-content\/uploads\/2021\/05\/Polyethylene.jpg 1500w\" sizes=\"(max-width: 1024px) 100vw, 1024px\" \/>\t\t\t\t\t\t\t\t\t\t\t\t\t\t\t<\/div>\n\t\t\t\t<\/div>\n\t\t\t\t<div class=\"elementor-element elementor-element-69d21947 elementor-widget elementor-widget-spacer\" data-id=\"69d21947\" data-element_type=\"widget\" data-e-type=\"widget\" data-widget_type=\"spacer.default\">\n\t\t\t\t<div class=\"elementor-widget-container\">\n\t\t\t\t\t\t\t<div class=\"elementor-spacer\">\n\t\t\t<div class=\"elementor-spacer-inner\"><\/div>\n\t\t<\/div>\n\t\t\t\t\t\t<\/div>\n\t\t\t\t<\/div>\n\t\t\t\t\t<\/div>\n\t\t<\/div>\n\t\t\t\t\t<\/div>\n\t\t<\/section>\n\t\t\t\t\t<\/div>\n\t\t<\/div>\n\t\t\t\t\t<\/div>\n\t\t<\/section>\n\t\t\t\t<section class=\"elementor-section elementor-top-section elementor-element elementor-element-43fd870b elementor-section-stretched elementor-section-boxed elementor-section-height-default elementor-section-height-default\" data-id=\"43fd870b\" data-element_type=\"section\" data-e-type=\"section\" data-settings=\"{&quot;stretch_section&quot;:&quot;section-stretched&quot;,&quot;background_background&quot;:&quot;classic&quot;}\">\n\t\t\t\t\t\t<div class=\"elementor-container elementor-column-gap-default\">\n\t\t\t\t\t<div class=\"elementor-column elementor-col-100 elementor-top-column elementor-element elementor-element-40ac2fb9\" data-id=\"40ac2fb9\" data-element_type=\"column\" data-e-type=\"column\">\n\t\t\t<div class=\"elementor-widget-wrap elementor-element-populated\">\n\t\t\t\t\t\t<div class=\"elementor-element elementor-element-2f7e7bab elementor-widget elementor-widget-text-editor\" data-id=\"2f7e7bab\" data-element_type=\"widget\" data-e-type=\"widget\" data-widget_type=\"text-editor.default\">\n\t\t\t\t<div class=\"elementor-widget-container\">\n\t\t\t\t\t\t\t\t\t<h4 style=\"color: #fff;\"><span lang=\"EN-US\">Pour plus d&rsquo;informations sur votre prochain projet d&#8217;emballage,<\/span><\/h4>\n<h4 style=\"color: #fff;\"><span lang=\"EN-US\">appelez-nous au <a style=\"color: #fff;\" href=\"tel:+5146488171\">514.648.8171<\/a> ou envoyez un courriel \u00e0 <a style=\"color: #fff;\" href=\"mailto:information@polystarinc.com\">information@polystarinc.com <\/a><\/span><\/h4>\t\t\t\t\t\t\t\t<\/div>\n\t\t\t\t<\/div>\n\t\t\t\t\t<\/div>\n\t\t<\/div>\n\t\t\t\t\t<\/div>\n\t\t<\/section>\n\t\t\t\t<\/div>\n\t\t","protected":false},"excerpt":{"rendered":"<p>Extrusion de film de poly\u00e9thyl\u00e8ne Les capacit\u00e9s d\u2019extrusion de POLYSTAR et de ses partenaires commerciaux les placent au troisi\u00e8me rang en Am\u00e9rique du Nord. Cela vient ajouter foi \u00e0 notre position de partenaire strat\u00e9gique en ce qui concerne tous les besoins en mati\u00e8re d\u2018emballages flexible \u00e0 travers les \u00c9tats-Unis et le Canada. Ind\u00e9pendamment des conditions&hellip;<\/p>\n","protected":false},"author":1,"featured_media":0,"parent":2965,"menu_order":0,"comment_status":"closed","ping_status":"closed","template":"","meta":{"footnotes":""},"class_list":["post-2980","page","type-page","status-publish","hentry"],"_links":{"self":[{"href":"http:\/\/polystarinc.com\/fr\/wp-json\/wp\/v2\/pages\/2980","targetHints":{"allow":["GET"]}}],"collection":[{"href":"http:\/\/polystarinc.com\/fr\/wp-json\/wp\/v2\/pages"}],"about":[{"href":"http:\/\/polystarinc.com\/fr\/wp-json\/wp\/v2\/types\/page"}],"author":[{"embeddable":true,"href":"http:\/\/polystarinc.com\/fr\/wp-json\/wp\/v2\/users\/1"}],"replies":[{"embeddable":true,"href":"http:\/\/polystarinc.com\/fr\/wp-json\/wp\/v2\/comments?post=2980"}],"version-history":[{"count":5,"href":"http:\/\/polystarinc.com\/fr\/wp-json\/wp\/v2\/pages\/2980\/revisions"}],"predecessor-version":[{"id":2985,"href":"http:\/\/polystarinc.com\/fr\/wp-json\/wp\/v2\/pages\/2980\/revisions\/2985"}],"up":[{"embeddable":true,"href":"http:\/\/polystarinc.com\/fr\/wp-json\/wp\/v2\/pages\/2965"}],"wp:attachment":[{"href":"http:\/\/polystarinc.com\/fr\/wp-json\/wp\/v2\/media?parent=2980"}],"curies":[{"name":"wp","href":"https:\/\/api.w.org\/{rel}","templated":true}]}}