{"id":2975,"date":"2021-12-08T16:00:59","date_gmt":"2021-12-08T21:00:59","guid":{"rendered":"http:\/\/polystarinc.com\/?page_id=2975"},"modified":"2021-12-16T12:23:51","modified_gmt":"2021-12-16T17:23:51","slug":"rouleaux-de-pellicule","status":"publish","type":"page","link":"http:\/\/polystarinc.com\/fr\/produits\/rouleaux-de-pellicule\/","title":{"rendered":"Rouleaux de pellicule"},"content":{"rendered":"\t\t<div data-elementor-type=\"wp-page\" data-elementor-id=\"2975\" class=\"elementor elementor-2975 elementor-2051\" data-elementor-post-type=\"page\">\n\t\t\t\t\t\t<section class=\"elementor-section elementor-top-section elementor-element elementor-element-5bb35681 elementor-section-full_width elementor-section-stretched elementor-section-height-default elementor-section-height-default\" data-id=\"5bb35681\" data-element_type=\"section\" data-e-type=\"section\" data-settings=\"{&quot;stretch_section&quot;:&quot;section-stretched&quot;}\">\n\t\t\t\t\t\t<div class=\"elementor-container elementor-column-gap-default\">\n\t\t\t\t\t<div class=\"elementor-column elementor-col-100 elementor-top-column elementor-element elementor-element-6b9eb134\" data-id=\"6b9eb134\" data-element_type=\"column\" data-e-type=\"column\">\n\t\t\t<div class=\"elementor-widget-wrap elementor-element-populated\">\n\t\t\t\t\t\t<section class=\"elementor-section elementor-inner-section elementor-element elementor-element-6c48a810 elementor-section-boxed elementor-section-height-default elementor-section-height-default\" data-id=\"6c48a810\" data-element_type=\"section\" data-e-type=\"section\">\n\t\t\t\t\t\t<div class=\"elementor-container elementor-column-gap-default\">\n\t\t\t\t\t<div class=\"elementor-column elementor-col-33 elementor-inner-column elementor-element elementor-element-169f41ee\" data-id=\"169f41ee\" data-element_type=\"column\" data-e-type=\"column\">\n\t\t\t<div class=\"elementor-widget-wrap elementor-element-populated\">\n\t\t\t\t\t\t<div class=\"elementor-element elementor-element-18d1bced elementor-nav-menu--dropdown-mobile elementor-nav-menu__text-align-aside elementor-widget elementor-widget-nav-menu\" data-id=\"18d1bced\" data-element_type=\"widget\" data-e-type=\"widget\" data-settings=\"{&quot;layout&quot;:&quot;vertical&quot;,&quot;submenu_icon&quot;:{&quot;value&quot;:&quot;&lt;i class=\\&quot;fas fa-caret-down\\&quot; aria-hidden=\\&quot;true\\&quot;&gt;&lt;\\\/i&gt;&quot;,&quot;library&quot;:&quot;fa-solid&quot;}}\" data-widget_type=\"nav-menu.default\">\n\t\t\t\t<div class=\"elementor-widget-container\">\n\t\t\t\t\t\t\t\t<nav aria-label=\"Menu\" class=\"elementor-nav-menu--main elementor-nav-menu__container elementor-nav-menu--layout-vertical e--pointer-text e--animation-none\">\n\t\t\t\t<ul id=\"menu-1-18d1bced\" class=\"elementor-nav-menu sm-vertical\"><li class=\"menu-item menu-item-type-post_type menu-item-object-page menu-item-2991\"><a href=\"http:\/\/polystarinc.com\/fr\/produits\/sacs\/\" class=\"elementor-item\">Sacs<\/a><\/li>\n<li class=\"menu-item menu-item-type-post_type menu-item-object-page menu-item-2992\"><a href=\"http:\/\/polystarinc.com\/fr\/produits\/rouleaux-de-pellicule\/\" class=\"elementor-item\">Rouleaux de pellicule<\/a><\/li>\n<li class=\"menu-item menu-item-type-post_type menu-item-object-page menu-item-2993\"><a href=\"http:\/\/polystarinc.com\/fr\/produits\/extrusion-de-film-de-polyethylene\/\" class=\"elementor-item\">Extrusion de film de poly\u00e9thyl\u00e8ne<\/a><\/li>\n<li class=\"menu-item menu-item-type-post_type menu-item-object-page menu-item-2994\"><a href=\"http:\/\/polystarinc.com\/fr\/produits\/films-de-polyethylene-laspect-specialite\/\" class=\"elementor-item\">Films de poly\u00e9thyl\u00e8ne\u2026 l\u2019aspect sp\u00e9cialit\u00e9<\/a><\/li>\n<\/ul>\t\t\t<\/nav>\n\t\t\t\t\t\t<nav class=\"elementor-nav-menu--dropdown elementor-nav-menu__container\" aria-hidden=\"true\">\n\t\t\t\t<ul id=\"menu-2-18d1bced\" class=\"elementor-nav-menu sm-vertical\"><li class=\"menu-item menu-item-type-post_type menu-item-object-page menu-item-2991\"><a href=\"http:\/\/polystarinc.com\/fr\/produits\/sacs\/\" class=\"elementor-item\" tabindex=\"-1\">Sacs<\/a><\/li>\n<li class=\"menu-item menu-item-type-post_type menu-item-object-page menu-item-2992\"><a href=\"http:\/\/polystarinc.com\/fr\/produits\/rouleaux-de-pellicule\/\" class=\"elementor-item\" tabindex=\"-1\">Rouleaux de pellicule<\/a><\/li>\n<li class=\"menu-item menu-item-type-post_type menu-item-object-page menu-item-2993\"><a href=\"http:\/\/polystarinc.com\/fr\/produits\/extrusion-de-film-de-polyethylene\/\" class=\"elementor-item\" tabindex=\"-1\">Extrusion de film de poly\u00e9thyl\u00e8ne<\/a><\/li>\n<li class=\"menu-item menu-item-type-post_type menu-item-object-page menu-item-2994\"><a href=\"http:\/\/polystarinc.com\/fr\/produits\/films-de-polyethylene-laspect-specialite\/\" class=\"elementor-item\" tabindex=\"-1\">Films de poly\u00e9thyl\u00e8ne\u2026 l\u2019aspect sp\u00e9cialit\u00e9<\/a><\/li>\n<\/ul>\t\t\t<\/nav>\n\t\t\t\t\t\t<\/div>\n\t\t\t\t<\/div>\n\t\t\t\t\t<\/div>\n\t\t<\/div>\n\t\t\t\t<div class=\"elementor-column elementor-col-66 elementor-inner-column elementor-element elementor-element-2e36a68b\" data-id=\"2e36a68b\" data-element_type=\"column\" data-e-type=\"column\">\n\t\t\t<div class=\"elementor-widget-wrap elementor-element-populated\">\n\t\t\t\t\t\t<div class=\"elementor-element elementor-element-4eb59494 elementor-widget elementor-widget-heading\" data-id=\"4eb59494\" data-element_type=\"widget\" data-e-type=\"widget\" data-widget_type=\"heading.default\">\n\t\t\t\t<div class=\"elementor-widget-container\">\n\t\t\t\t\t<h2 class=\"elementor-heading-title elementor-size-default\">Rouleaux de pellicule<\/h2>\t\t\t\t<\/div>\n\t\t\t\t<\/div>\n\t\t\t\t<div class=\"elementor-element elementor-element-392ddf9a elementor-widget elementor-widget-text-editor\" data-id=\"392ddf9a\" data-element_type=\"widget\" data-e-type=\"widget\" data-widget_type=\"text-editor.default\">\n\t\t\t\t<div class=\"elementor-widget-container\">\n\t\t\t\t\t\t\t\t\t<p>Fournir des rouleaux de pellicule est tout aussi complexe que fournir de sacs pr\u00e9fabriqu\u00e9s; il est toutefois indispensable que certaines variables soient pr\u00e9d\u00e9termin\u00e9es. Une fois le type de pellicule, la structure et le dessin choisis, nous devons \u00e9tablir la configuration de rouleau pr\u00e9cise qui conviendra le mieux \u00e0 votre \u00e9quipement. Nous devons aussi tenir compte de l\u2019orientation du d\u00e9roulement de la pellicule en vue d\u2019assurer que votre produit sera emball\u00e9 de fa\u00e7on efficace. Une fois ces crit\u00e8res \u00e9tablis, nous serons en mesure d\u2019implanter les configurations de produit requises et d\u2019imprimer avec exactitude les renseignements pertinents requis tels que la date de p\u00e9remption, le code de produit ou tout autre d\u00e9tail n\u00e9cessaire. Chaque rouleau que nous produisons comporte deux \u00e9tiquettes affichant des renseignements cl\u00e9s. Une \u00e9tiquette se trouve \u00e0 l\u2019ext\u00e9rieur du rouleau tandis que la deuxi\u00e8me est plac\u00e9e \u00e0 l\u2019int\u00e9rieur du noyau, assurant l\u2019identification pr\u00e9cise des rouleaux partiellement utilis\u00e9s. Chaque rouleau individuel est emball\u00e9 dans une pellicule de poly\u00e9thyl\u00e8ne afin d\u2019\u00eatre prot\u00e9g\u00e9 tout au long du transport.<\/p>\t\t\t\t\t\t\t\t<\/div>\n\t\t\t\t<\/div>\n\t\t\t\t<div class=\"elementor-element elementor-element-2f6399fe elementor-widget elementor-widget-image\" data-id=\"2f6399fe\" data-element_type=\"widget\" data-e-type=\"widget\" data-widget_type=\"image.default\">\n\t\t\t\t<div class=\"elementor-widget-container\">\n\t\t\t\t\t\t\t\t\t\t\t\t\t\t\t<img fetchpriority=\"high\" decoding=\"async\" width=\"1024\" height=\"683\" src=\"http:\/\/polystarinc.com\/wp-content\/uploads\/2021\/05\/rollstock-1024x683.jpg\" class=\"attachment-large size-large wp-image-2830\" alt=\"\" srcset=\"http:\/\/polystarinc.com\/wp-content\/uploads\/2021\/05\/rollstock-1024x683.jpg 1024w, http:\/\/polystarinc.com\/wp-content\/uploads\/2021\/05\/rollstock-300x200.jpg 300w, http:\/\/polystarinc.com\/wp-content\/uploads\/2021\/05\/rollstock-768x512.jpg 768w, http:\/\/polystarinc.com\/wp-content\/uploads\/2021\/05\/rollstock.jpg 1500w\" sizes=\"(max-width: 1024px) 100vw, 1024px\" \/>\t\t\t\t\t\t\t\t\t\t\t\t\t\t\t<\/div>\n\t\t\t\t<\/div>\n\t\t\t\t<div class=\"elementor-element elementor-element-73b0a9ff elementor-widget elementor-widget-spacer\" data-id=\"73b0a9ff\" data-element_type=\"widget\" data-e-type=\"widget\" data-widget_type=\"spacer.default\">\n\t\t\t\t<div class=\"elementor-widget-container\">\n\t\t\t\t\t\t\t<div class=\"elementor-spacer\">\n\t\t\t<div class=\"elementor-spacer-inner\"><\/div>\n\t\t<\/div>\n\t\t\t\t\t\t<\/div>\n\t\t\t\t<\/div>\n\t\t\t\t<div class=\"elementor-element elementor-element-2eecb55a elementor-widget elementor-widget-heading\" data-id=\"2eecb55a\" data-element_type=\"widget\" data-e-type=\"widget\" data-widget_type=\"heading.default\">\n\t\t\t\t<div class=\"elementor-widget-container\">\n\t\t\t\t\t<h5 class=\"elementor-heading-title elementor-size-default\">Mati\u00e8res premi\u00e8res utilis\u00e9es dans la fabrication de sacs :<\/h5>\t\t\t\t<\/div>\n\t\t\t\t<\/div>\n\t\t\t\t<div class=\"elementor-element elementor-element-42ddd124 elementor-widget elementor-widget-text-editor\" data-id=\"42ddd124\" data-element_type=\"widget\" data-e-type=\"widget\" data-widget_type=\"text-editor.default\">\n\t\t\t\t<div class=\"elementor-widget-container\">\n\t\t\t\t\t\t\t\t\t<ul><li>Pellicules de poly\u00e9thyl\u00e8ne transparentes ou blanches.<\/li><li>Pellicules de polypropyl\u00e8ne non-orient\u00e9 transparentes ou blanches.<\/li><li>Pellicules de poly\u00e9thyl\u00e8ne bi-orient\u00e9 (BOPP) transparentes ou blanches.<\/li><\/ul>\t\t\t\t\t\t\t\t<\/div>\n\t\t\t\t<\/div>\n\t\t\t\t<div class=\"elementor-element elementor-element-2766254e elementor-widget elementor-widget-spacer\" data-id=\"2766254e\" data-element_type=\"widget\" data-e-type=\"widget\" data-widget_type=\"spacer.default\">\n\t\t\t\t<div class=\"elementor-widget-container\">\n\t\t\t\t\t\t\t<div class=\"elementor-spacer\">\n\t\t\t<div class=\"elementor-spacer-inner\"><\/div>\n\t\t<\/div>\n\t\t\t\t\t\t<\/div>\n\t\t\t\t<\/div>\n\t\t\t\t<div class=\"elementor-element elementor-element-369f9013 elementor-widget elementor-widget-heading\" data-id=\"369f9013\" data-element_type=\"widget\" data-e-type=\"widget\" data-widget_type=\"heading.default\">\n\t\t\t\t<div class=\"elementor-widget-container\">\n\t\t\t\t\t<h5 class=\"elementor-heading-title elementor-size-default\">Cuisson au micro-onde<\/h5>\t\t\t\t<\/div>\n\t\t\t\t<\/div>\n\t\t\t\t<div class=\"elementor-element elementor-element-4c0d0897 elementor-widget elementor-widget-text-editor\" data-id=\"4c0d0897\" data-element_type=\"widget\" data-e-type=\"widget\" data-widget_type=\"text-editor.default\">\n\t\t\t\t<div class=\"elementor-widget-container\">\n\t\t\t\t\t\t\t\t\tNotre offre ne serait pas compl\u00e8te sans une gamme de produits con\u00e7ue sp\u00e9cialement pour la cuisson au micro-onde. Par le biais de recherche soutenue et des tests intensifs, nous avons formul\u00e9 des structures de pellicules qui sont stables lorsqu\u2019elles sont utilis\u00e9es au micro-onde. Ces structures sp\u00e9cifiques sont vari\u00e9es et n\u00e9cessitent une attention particuli\u00e8re.\t\t\t\t\t\t\t\t<\/div>\n\t\t\t\t<\/div>\n\t\t\t\t<div class=\"elementor-element elementor-element-7dab9d20 elementor-widget elementor-widget-spacer\" data-id=\"7dab9d20\" data-element_type=\"widget\" data-e-type=\"widget\" data-widget_type=\"spacer.default\">\n\t\t\t\t<div class=\"elementor-widget-container\">\n\t\t\t\t\t\t\t<div class=\"elementor-spacer\">\n\t\t\t<div class=\"elementor-spacer-inner\"><\/div>\n\t\t<\/div>\n\t\t\t\t\t\t<\/div>\n\t\t\t\t<\/div>\n\t\t\t\t<div class=\"elementor-element elementor-element-6d1631be elementor-widget elementor-widget-heading\" data-id=\"6d1631be\" data-element_type=\"widget\" data-e-type=\"widget\" data-widget_type=\"heading.default\">\n\t\t\t\t<div class=\"elementor-widget-container\">\n\t\t\t\t\t<h5 class=\"elementor-heading-title elementor-size-default\">Collations sal\u00e9es<\/h5>\t\t\t\t<\/div>\n\t\t\t\t<\/div>\n\t\t\t\t<div class=\"elementor-element elementor-element-274803cd elementor-widget elementor-widget-text-editor\" data-id=\"274803cd\" data-element_type=\"widget\" data-e-type=\"widget\" data-widget_type=\"text-editor.default\">\n\t\t\t\t<div class=\"elementor-widget-container\">\n\t\t\t\t\t\t\t\t\tNous offrons une gamme compl\u00e8te d\u2019emballages sp\u00e9cialement con\u00e7us pour le march\u00e9 des collations sal\u00e9es pour assurer une fra\u00eecheur maximale. Les craquelins et collations sal\u00e9es, les noix, les b\u00e2tonnets de fromage, le ma\u00efs souffl\u00e9, les produits de ma\u00efs, etc.\t\t\t\t\t\t\t\t<\/div>\n\t\t\t\t<\/div>\n\t\t\t\t<div class=\"elementor-element elementor-element-73bac114 elementor-widget elementor-widget-spacer\" data-id=\"73bac114\" data-element_type=\"widget\" data-e-type=\"widget\" data-widget_type=\"spacer.default\">\n\t\t\t\t<div class=\"elementor-widget-container\">\n\t\t\t\t\t\t\t<div class=\"elementor-spacer\">\n\t\t\t<div class=\"elementor-spacer-inner\"><\/div>\n\t\t<\/div>\n\t\t\t\t\t\t<\/div>\n\t\t\t\t<\/div>\n\t\t\t\t<div class=\"elementor-element elementor-element-4c47fd55 elementor-widget elementor-widget-heading\" data-id=\"4c47fd55\" data-element_type=\"widget\" data-e-type=\"widget\" data-widget_type=\"heading.default\">\n\t\t\t\t<div class=\"elementor-widget-container\">\n\t\t\t\t\t<h5 class=\"elementor-heading-title elementor-size-default\">Produits chocolat\u00e9s et bonbons<\/h5>\t\t\t\t<\/div>\n\t\t\t\t<\/div>\n\t\t\t\t<div class=\"elementor-element elementor-element-3e378627 elementor-widget elementor-widget-text-editor\" data-id=\"3e378627\" data-element_type=\"widget\" data-e-type=\"widget\" data-widget_type=\"text-editor.default\">\n\t\t\t\t<div class=\"elementor-widget-container\">\n\t\t\t\t\t\t\t\t\tReconnaissant les besoins pr\u00e9cis de cette cat\u00e9gorie, notre groupe de recherche et d\u00e9veloppement a mis au point des structures qui pr\u00e9sentent d\u2019excellentes \u00e9conomies tout en fournissant un soutien graphique exceptionnel. Nous sommes en mesure de vous offrir une gamme compl\u00e8te de couleurs qui rendront vos emballages attrayants et irr\u00e9sistibles.\t\t\t\t\t\t\t\t<\/div>\n\t\t\t\t<\/div>\n\t\t\t\t<div class=\"elementor-element elementor-element-2c6b10 elementor-widget elementor-widget-spacer\" data-id=\"2c6b10\" data-element_type=\"widget\" data-e-type=\"widget\" data-widget_type=\"spacer.default\">\n\t\t\t\t<div class=\"elementor-widget-container\">\n\t\t\t\t\t\t\t<div class=\"elementor-spacer\">\n\t\t\t<div class=\"elementor-spacer-inner\"><\/div>\n\t\t<\/div>\n\t\t\t\t\t\t<\/div>\n\t\t\t\t<\/div>\n\t\t\t\t<div class=\"elementor-element elementor-element-5906e950 elementor-widget elementor-widget-heading\" data-id=\"5906e950\" data-element_type=\"widget\" data-e-type=\"widget\" data-widget_type=\"heading.default\">\n\t\t\t\t<div class=\"elementor-widget-container\">\n\t\t\t\t\t<h5 class=\"elementor-heading-title elementor-size-default\">Produits en poudre<\/h5>\t\t\t\t<\/div>\n\t\t\t\t<\/div>\n\t\t\t\t<div class=\"elementor-element elementor-element-76f31fad elementor-widget elementor-widget-text-editor\" data-id=\"76f31fad\" data-element_type=\"widget\" data-e-type=\"widget\" data-widget_type=\"text-editor.default\">\n\t\t\t\t<div class=\"elementor-widget-container\">\n\t\t\t\t\t\t\t\t\tLes \u00e9l\u00e9ments cl\u00e9s dont nous tenons compte au moment de produire des emballages pour produits en poudre sont les propri\u00e9t\u00e9s de barri\u00e8re et l\u2019efficacit\u00e9 de la cha\u00eene de production. Appuy\u00e9s par notre capacit\u00e9 d\u2019extrusion de pellicule de poly\u00e9thyl\u00e8ne, nous sommes en mesure d\u2019aider nos clients \u00e0 atteindre d\u2019excellentes caract\u00e9ristiques de scellage et d\u2019augmenter la cadence de production.\t\t\t\t\t\t\t\t<\/div>\n\t\t\t\t<\/div>\n\t\t\t\t<div class=\"elementor-element elementor-element-1aa005cf elementor-widget elementor-widget-spacer\" data-id=\"1aa005cf\" data-element_type=\"widget\" data-e-type=\"widget\" data-widget_type=\"spacer.default\">\n\t\t\t\t<div class=\"elementor-widget-container\">\n\t\t\t\t\t\t\t<div class=\"elementor-spacer\">\n\t\t\t<div class=\"elementor-spacer-inner\"><\/div>\n\t\t<\/div>\n\t\t\t\t\t\t<\/div>\n\t\t\t\t<\/div>\n\t\t\t\t<div class=\"elementor-element elementor-element-47f53a8a elementor-widget elementor-widget-heading\" data-id=\"47f53a8a\" data-element_type=\"widget\" data-e-type=\"widget\" data-widget_type=\"heading.default\">\n\t\t\t\t<div class=\"elementor-widget-container\">\n\t\t\t\t\t<h5 class=\"elementor-heading-title elementor-size-default\">Produits de boulangerie<\/h5>\t\t\t\t<\/div>\n\t\t\t\t<\/div>\n\t\t\t\t<div class=\"elementor-element elementor-element-6022ec02 elementor-widget elementor-widget-text-editor\" data-id=\"6022ec02\" data-element_type=\"widget\" data-e-type=\"widget\" data-widget_type=\"text-editor.default\">\n\t\t\t\t<div class=\"elementor-widget-container\">\n\t\t\t\t\t\t\t\t\tPour certaines entreprises, l\u2019industrie des produits de boulangerie repr\u00e9sente un simple march\u00e9 de base; pour POLYSTAR, il s\u2019agit d\u2019un march\u00e9 de sp\u00e9cialit\u00e9. Nous avons con\u00e7u une pr\u00e9sentation de produit in\u00e9gal\u00e9e, tant sur le plan de la qualit\u00e9 que de l\u2019ing\u00e9niosit\u00e9.\t\t\t\t\t\t\t\t<\/div>\n\t\t\t\t<\/div>\n\t\t\t\t<div class=\"elementor-element elementor-element-7f49ddbf elementor-widget elementor-widget-spacer\" data-id=\"7f49ddbf\" data-element_type=\"widget\" data-e-type=\"widget\" data-widget_type=\"spacer.default\">\n\t\t\t\t<div class=\"elementor-widget-container\">\n\t\t\t\t\t\t\t<div class=\"elementor-spacer\">\n\t\t\t<div class=\"elementor-spacer-inner\"><\/div>\n\t\t<\/div>\n\t\t\t\t\t\t<\/div>\n\t\t\t\t<\/div>\n\t\t\t\t<div class=\"elementor-element elementor-element-7b46130b elementor-widget elementor-widget-heading\" data-id=\"7b46130b\" data-element_type=\"widget\" data-e-type=\"widget\" data-widget_type=\"heading.default\">\n\t\t\t\t<div class=\"elementor-widget-container\">\n\t\t\t\t\t<h5 class=\"elementor-heading-title elementor-size-default\">Operculage<\/h5>\t\t\t\t<\/div>\n\t\t\t\t<\/div>\n\t\t\t\t<div class=\"elementor-element elementor-element-78a04c4a elementor-widget elementor-widget-text-editor\" data-id=\"78a04c4a\" data-element_type=\"widget\" data-e-type=\"widget\" data-widget_type=\"text-editor.default\">\n\t\t\t\t<div class=\"elementor-widget-container\">\n\t\t\t\t\t\t\t\t\t<p>Il existe plusieurs types de contenants sur le march\u00e9. Quel que soit le type de contenant, nous pouvons vous aider avec nos solutions \u00ab imprim\u00e9 en surface \u00bb, ou \u00ab imprim\u00e9 et lamin\u00e9 \u00bb.<\/p>\t\t\t\t\t\t\t\t<\/div>\n\t\t\t\t<\/div>\n\t\t\t\t<div class=\"elementor-element elementor-element-781b408a elementor-widget elementor-widget-spacer\" data-id=\"781b408a\" data-element_type=\"widget\" data-e-type=\"widget\" data-widget_type=\"spacer.default\">\n\t\t\t\t<div class=\"elementor-widget-container\">\n\t\t\t\t\t\t\t<div class=\"elementor-spacer\">\n\t\t\t<div class=\"elementor-spacer-inner\"><\/div>\n\t\t<\/div>\n\t\t\t\t\t\t<\/div>\n\t\t\t\t<\/div>\n\t\t\t\t<div class=\"elementor-element elementor-element-1778de6b elementor-widget elementor-widget-heading\" data-id=\"1778de6b\" data-element_type=\"widget\" data-e-type=\"widget\" data-widget_type=\"heading.default\">\n\t\t\t\t<div class=\"elementor-widget-container\">\n\t\t\t\t\t<h5 class=\"elementor-heading-title elementor-size-default\">Pellicules r\u00e9tr\u00e9cissables<\/h5>\t\t\t\t<\/div>\n\t\t\t\t<\/div>\n\t\t\t\t<div class=\"elementor-element elementor-element-472e8a3a elementor-widget elementor-widget-text-editor\" data-id=\"472e8a3a\" data-element_type=\"widget\" data-e-type=\"widget\" data-widget_type=\"text-editor.default\">\n\t\t\t\t<div class=\"elementor-widget-container\">\n\t\t\t\t\t\t\t\t\tNous avons l\u2019exp\u00e9rience de fournir des fardeleuses qui fonctionnent avec une ou deux pellicules, selon le type d\u2019\u00e9quipement dont vous disposez.\t\t\t\t\t\t\t\t<\/div>\n\t\t\t\t<\/div>\n\t\t\t\t\t<\/div>\n\t\t<\/div>\n\t\t\t\t\t<\/div>\n\t\t<\/section>\n\t\t\t\t\t<\/div>\n\t\t<\/div>\n\t\t\t\t\t<\/div>\n\t\t<\/section>\n\t\t\t\t<section class=\"elementor-section elementor-top-section elementor-element elementor-element-102e6958 elementor-section-stretched elementor-section-boxed elementor-section-height-default elementor-section-height-default\" data-id=\"102e6958\" data-element_type=\"section\" data-e-type=\"section\" data-settings=\"{&quot;stretch_section&quot;:&quot;section-stretched&quot;,&quot;background_background&quot;:&quot;classic&quot;}\">\n\t\t\t\t\t\t<div class=\"elementor-container elementor-column-gap-default\">\n\t\t\t\t\t<div class=\"elementor-column elementor-col-100 elementor-top-column elementor-element elementor-element-3df754cd\" data-id=\"3df754cd\" data-element_type=\"column\" data-e-type=\"column\">\n\t\t\t<div class=\"elementor-widget-wrap elementor-element-populated\">\n\t\t\t\t\t\t<div class=\"elementor-element elementor-element-4627e06d elementor-widget elementor-widget-text-editor\" data-id=\"4627e06d\" data-element_type=\"widget\" data-e-type=\"widget\" data-widget_type=\"text-editor.default\">\n\t\t\t\t<div class=\"elementor-widget-container\">\n\t\t\t\t\t\t\t\t\t<h4 style=\"color: #fff;\"><span lang=\"EN-US\">Pour plus d&rsquo;informations sur votre prochain projet d&#8217;emballage,<\/span><\/h4>\n<h4 style=\"color: #fff;\"><span lang=\"EN-US\">appelez-nous au <a style=\"color: #fff;\" href=\"tel:+5146488171\">514.648.8171<\/a> ou envoyez un courriel \u00e0 <a style=\"color: #fff;\" href=\"mailto:information@polystarinc.com\">information@polystarinc.com <\/a><\/span><\/h4>\t\t\t\t\t\t\t\t<\/div>\n\t\t\t\t<\/div>\n\t\t\t\t\t<\/div>\n\t\t<\/div>\n\t\t\t\t\t<\/div>\n\t\t<\/section>\n\t\t\t\t<\/div>\n\t\t","protected":false},"excerpt":{"rendered":"<p>Rouleaux de pellicule Fournir des rouleaux de pellicule est tout aussi complexe que fournir de sacs pr\u00e9fabriqu\u00e9s; il est toutefois indispensable que certaines variables soient pr\u00e9d\u00e9termin\u00e9es. Une fois le type de pellicule, la structure et le dessin choisis, nous devons \u00e9tablir la configuration de rouleau pr\u00e9cise qui conviendra le mieux \u00e0 votre \u00e9quipement. Nous devons&hellip;<\/p>\n","protected":false},"author":1,"featured_media":0,"parent":2965,"menu_order":0,"comment_status":"closed","ping_status":"closed","template":"","meta":{"footnotes":""},"class_list":["post-2975","page","type-page","status-publish","hentry"],"_links":{"self":[{"href":"http:\/\/polystarinc.com\/fr\/wp-json\/wp\/v2\/pages\/2975","targetHints":{"allow":["GET"]}}],"collection":[{"href":"http:\/\/polystarinc.com\/fr\/wp-json\/wp\/v2\/pages"}],"about":[{"href":"http:\/\/polystarinc.com\/fr\/wp-json\/wp\/v2\/types\/page"}],"author":[{"embeddable":true,"href":"http:\/\/polystarinc.com\/fr\/wp-json\/wp\/v2\/users\/1"}],"replies":[{"embeddable":true,"href":"http:\/\/polystarinc.com\/fr\/wp-json\/wp\/v2\/comments?post=2975"}],"version-history":[{"count":7,"href":"http:\/\/polystarinc.com\/fr\/wp-json\/wp\/v2\/pages\/2975\/revisions"}],"predecessor-version":[{"id":3162,"href":"http:\/\/polystarinc.com\/fr\/wp-json\/wp\/v2\/pages\/2975\/revisions\/3162"}],"up":[{"embeddable":true,"href":"http:\/\/polystarinc.com\/fr\/wp-json\/wp\/v2\/pages\/2965"}],"wp:attachment":[{"href":"http:\/\/polystarinc.com\/fr\/wp-json\/wp\/v2\/media?parent=2975"}],"curies":[{"name":"wp","href":"https:\/\/api.w.org\/{rel}","templated":true}]}}