{"id":2970,"date":"2021-12-08T12:33:15","date_gmt":"2021-12-08T17:33:15","guid":{"rendered":"http:\/\/polystarinc.com\/?page_id=2970"},"modified":"2021-12-16T12:01:05","modified_gmt":"2021-12-16T17:01:05","slug":"sacs","status":"publish","type":"page","link":"http:\/\/polystarinc.com\/fr\/produits\/sacs\/","title":{"rendered":"Sacs"},"content":{"rendered":"\t\t<div data-elementor-type=\"wp-page\" data-elementor-id=\"2970\" class=\"elementor elementor-2970 elementor-2023\" data-elementor-post-type=\"page\">\n\t\t\t\t\t\t<section class=\"elementor-section elementor-top-section elementor-element elementor-element-1a86fbef elementor-section-full_width elementor-section-stretched elementor-section-height-default elementor-section-height-default\" data-id=\"1a86fbef\" data-element_type=\"section\" data-e-type=\"section\" data-settings=\"{&quot;stretch_section&quot;:&quot;section-stretched&quot;}\">\n\t\t\t\t\t\t<div class=\"elementor-container elementor-column-gap-default\">\n\t\t\t\t\t<div class=\"elementor-column elementor-col-100 elementor-top-column elementor-element elementor-element-6cf82fe0\" data-id=\"6cf82fe0\" data-element_type=\"column\" data-e-type=\"column\">\n\t\t\t<div class=\"elementor-widget-wrap elementor-element-populated\">\n\t\t\t\t\t\t<section class=\"elementor-section elementor-inner-section elementor-element elementor-element-7b3817b4 elementor-section-boxed elementor-section-height-default elementor-section-height-default\" data-id=\"7b3817b4\" data-element_type=\"section\" data-e-type=\"section\">\n\t\t\t\t\t\t<div class=\"elementor-container elementor-column-gap-default\">\n\t\t\t\t\t<div class=\"elementor-column elementor-col-33 elementor-inner-column elementor-element elementor-element-6a408036\" data-id=\"6a408036\" data-element_type=\"column\" data-e-type=\"column\">\n\t\t\t<div class=\"elementor-widget-wrap elementor-element-populated\">\n\t\t\t\t\t\t<div class=\"elementor-element elementor-element-5111266b elementor-nav-menu--dropdown-mobile elementor-nav-menu__text-align-aside elementor-widget elementor-widget-nav-menu\" data-id=\"5111266b\" data-element_type=\"widget\" data-e-type=\"widget\" data-settings=\"{&quot;layout&quot;:&quot;vertical&quot;,&quot;submenu_icon&quot;:{&quot;value&quot;:&quot;&lt;i class=\\&quot;fas fa-caret-down\\&quot; aria-hidden=\\&quot;true\\&quot;&gt;&lt;\\\/i&gt;&quot;,&quot;library&quot;:&quot;fa-solid&quot;}}\" data-widget_type=\"nav-menu.default\">\n\t\t\t\t<div class=\"elementor-widget-container\">\n\t\t\t\t\t\t\t\t<nav aria-label=\"Menu\" class=\"elementor-nav-menu--main elementor-nav-menu__container elementor-nav-menu--layout-vertical e--pointer-text e--animation-none\">\n\t\t\t\t<ul id=\"menu-1-5111266b\" class=\"elementor-nav-menu sm-vertical\"><li class=\"menu-item menu-item-type-post_type menu-item-object-page menu-item-2991\"><a href=\"http:\/\/polystarinc.com\/fr\/produits\/sacs\/\" class=\"elementor-item\">Sacs<\/a><\/li>\n<li class=\"menu-item menu-item-type-post_type menu-item-object-page menu-item-2992\"><a href=\"http:\/\/polystarinc.com\/fr\/produits\/rouleaux-de-pellicule\/\" class=\"elementor-item\">Rouleaux de pellicule<\/a><\/li>\n<li class=\"menu-item menu-item-type-post_type menu-item-object-page menu-item-2993\"><a href=\"http:\/\/polystarinc.com\/fr\/produits\/extrusion-de-film-de-polyethylene\/\" class=\"elementor-item\">Extrusion de film de poly\u00e9thyl\u00e8ne<\/a><\/li>\n<li class=\"menu-item menu-item-type-post_type menu-item-object-page menu-item-2994\"><a href=\"http:\/\/polystarinc.com\/fr\/produits\/films-de-polyethylene-laspect-specialite\/\" class=\"elementor-item\">Films de poly\u00e9thyl\u00e8ne\u2026 l\u2019aspect sp\u00e9cialit\u00e9<\/a><\/li>\n<\/ul>\t\t\t<\/nav>\n\t\t\t\t\t\t<nav class=\"elementor-nav-menu--dropdown elementor-nav-menu__container\" aria-hidden=\"true\">\n\t\t\t\t<ul id=\"menu-2-5111266b\" class=\"elementor-nav-menu sm-vertical\"><li class=\"menu-item menu-item-type-post_type menu-item-object-page menu-item-2991\"><a href=\"http:\/\/polystarinc.com\/fr\/produits\/sacs\/\" class=\"elementor-item\" tabindex=\"-1\">Sacs<\/a><\/li>\n<li class=\"menu-item menu-item-type-post_type menu-item-object-page menu-item-2992\"><a href=\"http:\/\/polystarinc.com\/fr\/produits\/rouleaux-de-pellicule\/\" class=\"elementor-item\" tabindex=\"-1\">Rouleaux de pellicule<\/a><\/li>\n<li class=\"menu-item menu-item-type-post_type menu-item-object-page menu-item-2993\"><a href=\"http:\/\/polystarinc.com\/fr\/produits\/extrusion-de-film-de-polyethylene\/\" class=\"elementor-item\" tabindex=\"-1\">Extrusion de film de poly\u00e9thyl\u00e8ne<\/a><\/li>\n<li class=\"menu-item menu-item-type-post_type menu-item-object-page menu-item-2994\"><a href=\"http:\/\/polystarinc.com\/fr\/produits\/films-de-polyethylene-laspect-specialite\/\" class=\"elementor-item\" tabindex=\"-1\">Films de poly\u00e9thyl\u00e8ne\u2026 l\u2019aspect sp\u00e9cialit\u00e9<\/a><\/li>\n<\/ul>\t\t\t<\/nav>\n\t\t\t\t\t\t<\/div>\n\t\t\t\t<\/div>\n\t\t\t\t\t<\/div>\n\t\t<\/div>\n\t\t\t\t<div class=\"elementor-column elementor-col-66 elementor-inner-column elementor-element elementor-element-7bd8a5f7\" data-id=\"7bd8a5f7\" data-element_type=\"column\" data-e-type=\"column\">\n\t\t\t<div class=\"elementor-widget-wrap elementor-element-populated\">\n\t\t\t\t\t\t<div class=\"elementor-element elementor-element-4204bd8f elementor-widget elementor-widget-heading\" data-id=\"4204bd8f\" data-element_type=\"widget\" data-e-type=\"widget\" data-widget_type=\"heading.default\">\n\t\t\t\t<div class=\"elementor-widget-container\">\n\t\t\t\t\t<h2 class=\"elementor-heading-title elementor-size-default\">Sacs<\/h2>\t\t\t\t<\/div>\n\t\t\t\t<\/div>\n\t\t\t\t<div class=\"elementor-element elementor-element-10cf10e0 elementor-widget elementor-widget-text-editor\" data-id=\"10cf10e0\" data-element_type=\"widget\" data-e-type=\"widget\" data-widget_type=\"text-editor.default\">\n\t\t\t\t<div class=\"elementor-widget-container\">\n\t\t\t\t\t\t\t\t\t<p>Chez Polystar, nous produisons de nombreux types de sacs, offerts dans un nombre illimit\u00e9 de configurations. Afin de vous aider \u00e0 mieux comprendre notre gamme de produits, nous avons inclus, ci-dessous, une liste de nos pellicules de plastique, structures et types de sacs. Puisqu\u2019il existe un si grand nombre de possibilit\u00e9s en mati\u00e8re d\u2019emballage, nous discuterions avec vous de vos exigences pr\u00e9cises et, en \u00e9quipe, nous arriverions \u00e0 cr\u00e9er le meilleur sac qui soit pour votre produit.<\/p>\t\t\t\t\t\t\t\t<\/div>\n\t\t\t\t<\/div>\n\t\t\t\t<div class=\"elementor-element elementor-element-5e0ff426 elementor-widget elementor-widget-image\" data-id=\"5e0ff426\" data-element_type=\"widget\" data-e-type=\"widget\" data-widget_type=\"image.default\">\n\t\t\t\t<div class=\"elementor-widget-container\">\n\t\t\t\t\t\t\t\t\t\t\t\t\t\t\t<img fetchpriority=\"high\" decoding=\"async\" width=\"1024\" height=\"683\" src=\"http:\/\/polystarinc.com\/wp-content\/uploads\/2021\/05\/bags-1024x683.jpg\" class=\"attachment-large size-large wp-image-2827\" alt=\"\" srcset=\"http:\/\/polystarinc.com\/wp-content\/uploads\/2021\/05\/bags-1024x683.jpg 1024w, http:\/\/polystarinc.com\/wp-content\/uploads\/2021\/05\/bags-300x200.jpg 300w, http:\/\/polystarinc.com\/wp-content\/uploads\/2021\/05\/bags-768x512.jpg 768w, http:\/\/polystarinc.com\/wp-content\/uploads\/2021\/05\/bags.jpg 1500w\" sizes=\"(max-width: 1024px) 100vw, 1024px\" \/>\t\t\t\t\t\t\t\t\t\t\t\t\t\t\t<\/div>\n\t\t\t\t<\/div>\n\t\t\t\t<div class=\"elementor-element elementor-element-74d535ff elementor-widget elementor-widget-spacer\" data-id=\"74d535ff\" data-element_type=\"widget\" data-e-type=\"widget\" data-widget_type=\"spacer.default\">\n\t\t\t\t<div class=\"elementor-widget-container\">\n\t\t\t\t\t\t\t<div class=\"elementor-spacer\">\n\t\t\t<div class=\"elementor-spacer-inner\"><\/div>\n\t\t<\/div>\n\t\t\t\t\t\t<\/div>\n\t\t\t\t<\/div>\n\t\t\t\t<div class=\"elementor-element elementor-element-5598fdd5 elementor-widget elementor-widget-heading\" data-id=\"5598fdd5\" data-element_type=\"widget\" data-e-type=\"widget\" data-widget_type=\"heading.default\">\n\t\t\t\t<div class=\"elementor-widget-container\">\n\t\t\t\t\t<h5 class=\"elementor-heading-title elementor-size-default\">Mati\u00e8res premi\u00e8res utilis\u00e9es dans la fabrication de sacs :<\/h5>\t\t\t\t<\/div>\n\t\t\t\t<\/div>\n\t\t\t\t<div class=\"elementor-element elementor-element-43bffbb8 elementor-widget elementor-widget-text-editor\" data-id=\"43bffbb8\" data-element_type=\"widget\" data-e-type=\"widget\" data-widget_type=\"text-editor.default\">\n\t\t\t\t<div class=\"elementor-widget-container\">\n\t\t\t\t\t\t\t\t\t<ul><li>Pellicules de poly\u00e9thyl\u00e8ne transparentes, blanches ou de couleur.<\/li><li>Pellicules de polypropyl\u00e8ne non-orient\u00e9 transparentes ou blanches.<\/li><li>Pellicules de poly\u00e9thyl\u00e8ne bi-orient\u00e9 (BOPP) transparentes ou blanches.<\/li><li>Structures lamin\u00e9es.<\/li><\/ul><p>Nous sommes toujours \u00e0 l\u2019aff\u00fbt des nouveaux types de pellicules offerts dans le monde entier que nous proposons \u00e0 nos clients afin de leur offrir un avantage qui leur permettra de demeurer concurrentiel et de se d\u00e9marquer.<\/p>\t\t\t\t\t\t\t\t<\/div>\n\t\t\t\t<\/div>\n\t\t\t\t<div class=\"elementor-element elementor-element-54be18ae elementor-widget elementor-widget-spacer\" data-id=\"54be18ae\" data-element_type=\"widget\" data-e-type=\"widget\" data-widget_type=\"spacer.default\">\n\t\t\t\t<div class=\"elementor-widget-container\">\n\t\t\t\t\t\t\t<div class=\"elementor-spacer\">\n\t\t\t<div class=\"elementor-spacer-inner\"><\/div>\n\t\t<\/div>\n\t\t\t\t\t\t<\/div>\n\t\t\t\t<\/div>\n\t\t\t\t<div class=\"elementor-element elementor-element-38ca86e7 elementor-widget elementor-widget-heading\" data-id=\"38ca86e7\" data-element_type=\"widget\" data-e-type=\"widget\" data-widget_type=\"heading.default\">\n\t\t\t\t<div class=\"elementor-widget-container\">\n\t\t\t\t\t<h5 class=\"elementor-heading-title elementor-size-default\">Cuisson au micro-onde<\/h5>\t\t\t\t<\/div>\n\t\t\t\t<\/div>\n\t\t\t\t<div class=\"elementor-element elementor-element-78516cfa elementor-widget elementor-widget-text-editor\" data-id=\"78516cfa\" data-element_type=\"widget\" data-e-type=\"widget\" data-widget_type=\"text-editor.default\">\n\t\t\t\t<div class=\"elementor-widget-container\">\n\t\t\t\t\t\t\t\t\t<h5 class=\"elementor-heading-title elementor-size-default\">Produits De D\u00e9gla\u00e7age<\/h5><ul><li>Sachets scell\u00e9s sur 3 c\u00f4t\u00e9s (*).<\/li><li>Sacs \u00e0 fond carr\u00e9.<\/li><li>Sacs Simplex.<\/li><li>Sacs \u00e0 pain (*).<\/li><li>Sacs \u00e0 pain m\u00e9tallis\u00e9s (*).<\/li><li>Sacs pour tortilla (*).<\/li><li>Sacs \u00e0 glace (*).<\/li><li>Sacs scell\u00e9s sur 3 c\u00f4t\u00e9s (*).<\/li><li>Sacs \u00e0 fond plat (*).<\/li><li>Sacs \u00e0 goussets lat\u00e9raux.<\/li><\/ul><p>(*) Sacs liass\u00e9s aussi offerts (wickets).<\/p><h5 class=\"elementor-heading-title elementor-size-default\">Caract\u00e9ristiques<\/h5><ul><li>Divers types de dispositifs de fermeture.<\/li><li>Nous offrons de la bande adh\u00e9sive.<\/li><li>Encoche d\u2019ouverture et autres caract\u00e9ristiques pour faciliter l\u2019ouverture.<\/li><li>Sacs perfor\u00e9s \u00e0 l\u2019aide d\u2019aiguilles chauff\u00e9es.<\/li><li>Sacs refermables \u00e0 cordons.<\/li><li>Sacs refermables \u00e0 ruban coulissant<\/li><li>Divers types de poign\u00e9es.<\/li><li>Poign\u00e9es renforc\u00e9es.<\/li><li>Sacs dot\u00e9s d\u2019\u00e9vents.<\/li><li>Divers types de configurations de pr\u00e9sentoirs avec tiges m\u00e9talliques porte-sacs.<\/li><li>Insertion de bons-rabais et de bons promotionnels.<\/li><li>Codes num\u00e9riques, s\u00e9quentiels ou al\u00e9atoires.<\/li><li>Il est possible d\u2019apposer des \u00e9tiquettes sur l\u2019ext\u00e9rieur du sac.<\/li><li>Il est possible d\u2019ajouter une bande publicitaire.<\/li><\/ul>\t\t\t\t\t\t\t\t<\/div>\n\t\t\t\t<\/div>\n\t\t\t\t<div class=\"elementor-element elementor-element-63aff722 elementor-widget elementor-widget-spacer\" data-id=\"63aff722\" data-element_type=\"widget\" data-e-type=\"widget\" data-widget_type=\"spacer.default\">\n\t\t\t\t<div class=\"elementor-widget-container\">\n\t\t\t\t\t\t\t<div class=\"elementor-spacer\">\n\t\t\t<div class=\"elementor-spacer-inner\"><\/div>\n\t\t<\/div>\n\t\t\t\t\t\t<\/div>\n\t\t\t\t<\/div>\n\t\t\t\t<div class=\"elementor-element elementor-element-26b56618 elementor-widget elementor-widget-text-editor\" data-id=\"26b56618\" data-element_type=\"widget\" data-e-type=\"widget\" data-widget_type=\"text-editor.default\">\n\t\t\t\t<div class=\"elementor-widget-container\">\n\t\t\t\t\t\t\t\t\t<p>Remarque : Tous les sacs sont emball\u00e9s de fa\u00e7on \u00e0 assurer leur protection pendant le transport et l\u2019entreposage. Chaque bo\u00eete est dot\u00e9e d\u2019\u00e9tiquettes claires qui contiennent tous les renseignements pertinents relatifs au client. De plus, nous utilisons un syst\u00e8me de codification qui nous permet d\u2019effectuer le suivi du produit dans nos installations.<\/p>\t\t\t\t\t\t\t\t<\/div>\n\t\t\t\t<\/div>\n\t\t\t\t\t<\/div>\n\t\t<\/div>\n\t\t\t\t\t<\/div>\n\t\t<\/section>\n\t\t\t\t\t<\/div>\n\t\t<\/div>\n\t\t\t\t\t<\/div>\n\t\t<\/section>\n\t\t\t\t<section class=\"elementor-section elementor-top-section elementor-element elementor-element-c606f34 elementor-section-stretched elementor-section-boxed elementor-section-height-default elementor-section-height-default\" data-id=\"c606f34\" data-element_type=\"section\" data-e-type=\"section\" data-settings=\"{&quot;stretch_section&quot;:&quot;section-stretched&quot;,&quot;background_background&quot;:&quot;classic&quot;}\">\n\t\t\t\t\t\t<div class=\"elementor-container elementor-column-gap-default\">\n\t\t\t\t\t<div class=\"elementor-column elementor-col-100 elementor-top-column elementor-element elementor-element-22b8f9fe\" data-id=\"22b8f9fe\" data-element_type=\"column\" data-e-type=\"column\">\n\t\t\t<div class=\"elementor-widget-wrap elementor-element-populated\">\n\t\t\t\t\t\t<div class=\"elementor-element elementor-element-135a61ab elementor-widget elementor-widget-text-editor\" data-id=\"135a61ab\" data-element_type=\"widget\" data-e-type=\"widget\" data-widget_type=\"text-editor.default\">\n\t\t\t\t<div class=\"elementor-widget-container\">\n\t\t\t\t\t\t\t\t\t<h4 style=\"color: #fff;\"><span lang=\"EN-US\">Pour plus d&rsquo;informations sur votre prochain projet d&#8217;emballage,<\/span><\/h4>\n<h4 style=\"color: #fff;\"><span lang=\"EN-US\">appelez-nous au <a style=\"color: #fff;\" href=\"tel:+5146488171\">514.648.8171<\/a> ou envoyez un courriel \u00e0 <a style=\"color: #fff;\" href=\"mailto:information@polystarinc.com\">information@polystarinc.com <\/a><\/span><\/h4>\t\t\t\t\t\t\t\t<\/div>\n\t\t\t\t<\/div>\n\t\t\t\t\t<\/div>\n\t\t<\/div>\n\t\t\t\t\t<\/div>\n\t\t<\/section>\n\t\t\t\t<\/div>\n\t\t","protected":false},"excerpt":{"rendered":"<p>Sacs Chez Polystar, nous produisons de nombreux types de sacs, offerts dans un nombre illimit\u00e9 de configurations. Afin de vous aider \u00e0 mieux comprendre notre gamme de produits, nous avons inclus, ci-dessous, une liste de nos pellicules de plastique, structures et types de sacs. Puisqu\u2019il existe un si grand nombre de possibilit\u00e9s en mati\u00e8re d\u2019emballage,&hellip;<\/p>\n","protected":false},"author":1,"featured_media":0,"parent":2965,"menu_order":0,"comment_status":"closed","ping_status":"closed","template":"","meta":{"footnotes":""},"class_list":["post-2970","page","type-page","status-publish","hentry"],"_links":{"self":[{"href":"http:\/\/polystarinc.com\/fr\/wp-json\/wp\/v2\/pages\/2970","targetHints":{"allow":["GET"]}}],"collection":[{"href":"http:\/\/polystarinc.com\/fr\/wp-json\/wp\/v2\/pages"}],"about":[{"href":"http:\/\/polystarinc.com\/fr\/wp-json\/wp\/v2\/types\/page"}],"author":[{"embeddable":true,"href":"http:\/\/polystarinc.com\/fr\/wp-json\/wp\/v2\/users\/1"}],"replies":[{"embeddable":true,"href":"http:\/\/polystarinc.com\/fr\/wp-json\/wp\/v2\/comments?post=2970"}],"version-history":[{"count":7,"href":"http:\/\/polystarinc.com\/fr\/wp-json\/wp\/v2\/pages\/2970\/revisions"}],"predecessor-version":[{"id":3158,"href":"http:\/\/polystarinc.com\/fr\/wp-json\/wp\/v2\/pages\/2970\/revisions\/3158"}],"up":[{"embeddable":true,"href":"http:\/\/polystarinc.com\/fr\/wp-json\/wp\/v2\/pages\/2965"}],"wp:attachment":[{"href":"http:\/\/polystarinc.com\/fr\/wp-json\/wp\/v2\/media?parent=2970"}],"curies":[{"name":"wp","href":"https:\/\/api.w.org\/{rel}","templated":true}]}}