{"id":2965,"date":"2021-12-08T11:41:04","date_gmt":"2021-12-08T16:41:04","guid":{"rendered":"http:\/\/polystarinc.com\/?page_id=2965"},"modified":"2022-01-06T13:16:43","modified_gmt":"2022-01-06T18:16:43","slug":"produits","status":"publish","type":"page","link":"http:\/\/polystarinc.com\/fr\/produits\/","title":{"rendered":"Produits"},"content":{"rendered":"\t\t<div data-elementor-type=\"wp-page\" data-elementor-id=\"2965\" class=\"elementor elementor-2965 elementor-2001\" data-elementor-post-type=\"page\">\n\t\t\t\t\t\t<section class=\"elementor-section elementor-top-section elementor-element elementor-element-5b4e5609 elementor-section-boxed elementor-section-height-default elementor-section-height-default\" data-id=\"5b4e5609\" data-element_type=\"section\" data-e-type=\"section\">\n\t\t\t\t\t\t<div class=\"elementor-container elementor-column-gap-default\">\n\t\t\t\t\t<div class=\"elementor-column elementor-col-100 elementor-top-column elementor-element elementor-element-4eda8bfe\" data-id=\"4eda8bfe\" data-element_type=\"column\" data-e-type=\"column\">\n\t\t\t<div class=\"elementor-widget-wrap elementor-element-populated\">\n\t\t\t\t\t\t<div class=\"elementor-element elementor-element-b553abc elementor-widget elementor-widget-text-editor\" data-id=\"b553abc\" data-element_type=\"widget\" data-e-type=\"widget\" data-widget_type=\"text-editor.default\">\n\t\t\t\t<div class=\"elementor-widget-container\">\n\t\t\t\t\t\t\t\t\t<p>Chez POLYSTAR, nous faisons \u00e9quipe avec vous pour livrer des emballages de premier rang dans l\u2019industrie, emballages qui rehaussent l\u2019exp\u00e9rience totale du client en ce qui a trait \u00e0 votre produit. Votre emballage flexographique constitue la cl\u00e9 du succ\u00e8s de votre marque, alors vous comprendrez l\u2019importance de ne jamais l\u00e9siner sur la qualit\u00e9. L\u2019\u00e9quipement \u00e0 la fine pointe de la technologie et une expertise sans \u00e9gal vous assurent que votre emballage souple satisfait vos exigences les plus rigoureuses.<\/p><p>Nous sommes organis\u00e9s et int\u00e9gr\u00e9s de fa\u00e7on \u00e0 partager les derni\u00e8res perc\u00e9es technologiques et nous restons concentr\u00e9s \u00e0 fond sur certains march\u00e9s et produits bien sp\u00e9cifiques. Ce qui en d\u00e9coule, c\u2019est que nos clients b\u00e9n\u00e9ficient des avantages de la science et de la technologie de renomm\u00e9e internationale, appuy\u00e9es \u00e0 la fois par notre expertise sp\u00e9cifique \u00e0 leur march\u00e9 et par notre service exceptionnel.<\/p><p>Des milliers de produits et des millions d\u2019articles individuels \u2014 des aliments aux biens de consommation en passant par les dispositifs m\u00e9dicaux \u2014 se retrouvent chaque jour sur le march\u00e9 dans des emballages haute performance de Polystar packaging.<\/p><p>Avec sa position de leadership dans les Am\u00e9riques et une forte pr\u00e9sence \u00e0 travers le monde, POLYSTAR aide les entreprises du monde entier \u00e0 utiliser les innovations en mati\u00e8re d\u2019emballages pour r\u00e9aliser un avantage concurrentiel. Les clients se fient \u00e0 POLYSTAR packaging pour aider \u00e0 augmenter la dur\u00e9e de conservation de leurs aliments, prot\u00e9ger les objets contondants ou fragiles pendant leur transport et leur manutention, attirer l\u2019attention et susciter l\u2019int\u00e9r\u00eat du consommateur aux points de vente au d\u00e9tail et fournir un dispositif d\u2019ouverture et une facilit\u00e9 de stockage pour b\u00e2tir la fid\u00e9lit\u00e9 \u00e0 la marque. Comme nous sommes une soci\u00e9t\u00e9 int\u00e9gr\u00e9e verticalement, nos sp\u00e9cialistes en sciences des mat\u00e9riaux con\u00e7oivent des solutions compos\u00e9es, \u00e0 la base, de r\u00e9sine polym\u00e8re qui se transforme en pellicules ayant, ou non, une propri\u00e9t\u00e9 barri\u00e8re \u00e9lev\u00e9e, en sachets et en sacs tr\u00e8s cibl\u00e9s.<\/p>\t\t\t\t\t\t\t\t<\/div>\n\t\t\t\t<\/div>\n\t\t\t\t<div class=\"elementor-element elementor-element-37c74b2b elementor-widget elementor-widget-spacer\" data-id=\"37c74b2b\" data-element_type=\"widget\" data-e-type=\"widget\" data-widget_type=\"spacer.default\">\n\t\t\t\t<div class=\"elementor-widget-container\">\n\t\t\t\t\t\t\t<div class=\"elementor-spacer\">\n\t\t\t<div class=\"elementor-spacer-inner\"><\/div>\n\t\t<\/div>\n\t\t\t\t\t\t<\/div>\n\t\t\t\t<\/div>\n\t\t\t\t\t<\/div>\n\t\t<\/div>\n\t\t\t\t\t<\/div>\n\t\t<\/section>\n\t\t\t\t<section class=\"elementor-section elementor-top-section elementor-element elementor-element-3a590744 elementor-section-boxed elementor-section-height-default elementor-section-height-default\" data-id=\"3a590744\" data-element_type=\"section\" data-e-type=\"section\">\n\t\t\t\t\t\t<div class=\"elementor-container elementor-column-gap-default\">\n\t\t\t\t\t<div class=\"elementor-column elementor-col-25 elementor-top-column elementor-element elementor-element-4f80c618\" data-id=\"4f80c618\" data-element_type=\"column\" data-e-type=\"column\">\n\t\t\t<div class=\"elementor-widget-wrap elementor-element-populated\">\n\t\t\t\t\t\t<div class=\"elementor-element elementor-element-208c91e1 elementor-widget elementor-widget-image\" data-id=\"208c91e1\" data-element_type=\"widget\" data-e-type=\"widget\" data-widget_type=\"image.default\">\n\t\t\t\t<div class=\"elementor-widget-container\">\n\t\t\t\t\t\t\t\t\t\t\t\t\t\t\t\t<a href=\"http:\/\/polystarinc.com\/fr\/produits\/sacs\/\">\n\t\t\t\t\t\t\t<img fetchpriority=\"high\" decoding=\"async\" width=\"1024\" height=\"683\" src=\"http:\/\/polystarinc.com\/wp-content\/uploads\/2021\/05\/bags-1024x683.jpg\" class=\"attachment-large size-large wp-image-2827\" alt=\"\" srcset=\"http:\/\/polystarinc.com\/wp-content\/uploads\/2021\/05\/bags-1024x683.jpg 1024w, http:\/\/polystarinc.com\/wp-content\/uploads\/2021\/05\/bags-300x200.jpg 300w, http:\/\/polystarinc.com\/wp-content\/uploads\/2021\/05\/bags-768x512.jpg 768w, http:\/\/polystarinc.com\/wp-content\/uploads\/2021\/05\/bags.jpg 1500w\" sizes=\"(max-width: 1024px) 100vw, 1024px\" \/>\t\t\t\t\t\t\t\t<\/a>\n\t\t\t\t\t\t\t\t\t\t\t\t\t\t\t<\/div>\n\t\t\t\t<\/div>\n\t\t\t\t<div class=\"elementor-element elementor-element-7408a7ee elementor-widget elementor-widget-heading\" data-id=\"7408a7ee\" data-element_type=\"widget\" data-e-type=\"widget\" data-widget_type=\"heading.default\">\n\t\t\t\t<div class=\"elementor-widget-container\">\n\t\t\t\t\t<h4 class=\"elementor-heading-title elementor-size-default\"><a href=\"http:\/\/polystarinc.com\/fr\/produits\/sacs\/\">Sacs<\/a><\/h4>\t\t\t\t<\/div>\n\t\t\t\t<\/div>\n\t\t\t\t\t<\/div>\n\t\t<\/div>\n\t\t\t\t<div class=\"elementor-column elementor-col-25 elementor-top-column elementor-element elementor-element-419d0735\" data-id=\"419d0735\" data-element_type=\"column\" data-e-type=\"column\">\n\t\t\t<div class=\"elementor-widget-wrap elementor-element-populated\">\n\t\t\t\t\t\t<div class=\"elementor-element elementor-element-72e4e78c elementor-widget elementor-widget-image\" data-id=\"72e4e78c\" data-element_type=\"widget\" data-e-type=\"widget\" data-widget_type=\"image.default\">\n\t\t\t\t<div class=\"elementor-widget-container\">\n\t\t\t\t\t\t\t\t\t\t\t\t\t\t\t\t<a href=\"http:\/\/polystarinc.com\/fr\/produits\/rouleaux-de-pellicule\/\">\n\t\t\t\t\t\t\t<img decoding=\"async\" width=\"1024\" height=\"683\" src=\"http:\/\/polystarinc.com\/wp-content\/uploads\/2021\/05\/rollstock-1024x683.jpg\" class=\"attachment-large size-large wp-image-2830\" alt=\"\" srcset=\"http:\/\/polystarinc.com\/wp-content\/uploads\/2021\/05\/rollstock-1024x683.jpg 1024w, http:\/\/polystarinc.com\/wp-content\/uploads\/2021\/05\/rollstock-300x200.jpg 300w, http:\/\/polystarinc.com\/wp-content\/uploads\/2021\/05\/rollstock-768x512.jpg 768w, http:\/\/polystarinc.com\/wp-content\/uploads\/2021\/05\/rollstock.jpg 1500w\" sizes=\"(max-width: 1024px) 100vw, 1024px\" \/>\t\t\t\t\t\t\t\t<\/a>\n\t\t\t\t\t\t\t\t\t\t\t\t\t\t\t<\/div>\n\t\t\t\t<\/div>\n\t\t\t\t<div class=\"elementor-element elementor-element-4763e9da elementor-widget elementor-widget-heading\" data-id=\"4763e9da\" data-element_type=\"widget\" data-e-type=\"widget\" data-widget_type=\"heading.default\">\n\t\t\t\t<div class=\"elementor-widget-container\">\n\t\t\t\t\t<h4 class=\"elementor-heading-title elementor-size-default\"><a href=\"http:\/\/polystarinc.com\/fr\/produits\/rouleaux-de-pellicule\/\">Rouleaux de pellicule<\/a><\/h4>\t\t\t\t<\/div>\n\t\t\t\t<\/div>\n\t\t\t\t\t<\/div>\n\t\t<\/div>\n\t\t\t\t<div class=\"elementor-column elementor-col-25 elementor-top-column elementor-element elementor-element-6cceea50\" data-id=\"6cceea50\" data-element_type=\"column\" data-e-type=\"column\">\n\t\t\t<div class=\"elementor-widget-wrap elementor-element-populated\">\n\t\t\t\t\t\t<div class=\"elementor-element elementor-element-1625998b elementor-widget elementor-widget-image\" data-id=\"1625998b\" data-element_type=\"widget\" data-e-type=\"widget\" data-widget_type=\"image.default\">\n\t\t\t\t<div class=\"elementor-widget-container\">\n\t\t\t\t\t\t\t\t\t\t\t\t\t\t\t\t<a href=\"http:\/\/polystarinc.com\/fr\/produits\/extrusion-de-film-de-polyethylene\/\">\n\t\t\t\t\t\t\t<img decoding=\"async\" width=\"1024\" height=\"683\" src=\"http:\/\/polystarinc.com\/wp-content\/uploads\/2021\/05\/Polyethylene-1024x683.jpg\" class=\"attachment-large size-large wp-image-2828\" alt=\"\" srcset=\"http:\/\/polystarinc.com\/wp-content\/uploads\/2021\/05\/Polyethylene-1024x683.jpg 1024w, http:\/\/polystarinc.com\/wp-content\/uploads\/2021\/05\/Polyethylene-300x200.jpg 300w, http:\/\/polystarinc.com\/wp-content\/uploads\/2021\/05\/Polyethylene-768x512.jpg 768w, http:\/\/polystarinc.com\/wp-content\/uploads\/2021\/05\/Polyethylene.jpg 1500w\" sizes=\"(max-width: 1024px) 100vw, 1024px\" \/>\t\t\t\t\t\t\t\t<\/a>\n\t\t\t\t\t\t\t\t\t\t\t\t\t\t\t<\/div>\n\t\t\t\t<\/div>\n\t\t\t\t<div class=\"elementor-element elementor-element-27f7ccfa elementor-widget elementor-widget-heading\" data-id=\"27f7ccfa\" data-element_type=\"widget\" data-e-type=\"widget\" data-widget_type=\"heading.default\">\n\t\t\t\t<div class=\"elementor-widget-container\">\n\t\t\t\t\t<h4 class=\"elementor-heading-title elementor-size-default\"><a href=\"http:\/\/polystarinc.com\/fr\/produits\/extrusion-de-film-de-polyethylene\/\">Extrusion de film de poly\u00e9thyl\u00e8ne<\/a><\/h4>\t\t\t\t<\/div>\n\t\t\t\t<\/div>\n\t\t\t\t\t<\/div>\n\t\t<\/div>\n\t\t\t\t<div class=\"elementor-column elementor-col-25 elementor-top-column elementor-element elementor-element-5ce5d855\" data-id=\"5ce5d855\" data-element_type=\"column\" data-e-type=\"column\">\n\t\t\t<div class=\"elementor-widget-wrap elementor-element-populated\">\n\t\t\t\t\t\t<div class=\"elementor-element elementor-element-6aa328b8 elementor-widget elementor-widget-image\" data-id=\"6aa328b8\" data-element_type=\"widget\" data-e-type=\"widget\" data-widget_type=\"image.default\">\n\t\t\t\t<div class=\"elementor-widget-container\">\n\t\t\t\t\t\t\t\t\t\t\t\t\t\t\t\t<a href=\"http:\/\/polystarinc.com\/fr\/produits\/films-de-polyethylene-laspect-specialite\/\">\n\t\t\t\t\t\t\t<img loading=\"lazy\" decoding=\"async\" width=\"1024\" height=\"683\" src=\"http:\/\/polystarinc.com\/wp-content\/uploads\/2021\/05\/polyethylene-films-1024x683.jpg\" class=\"attachment-large size-large wp-image-2829\" alt=\"\" srcset=\"http:\/\/polystarinc.com\/wp-content\/uploads\/2021\/05\/polyethylene-films-1024x683.jpg 1024w, http:\/\/polystarinc.com\/wp-content\/uploads\/2021\/05\/polyethylene-films-300x200.jpg 300w, http:\/\/polystarinc.com\/wp-content\/uploads\/2021\/05\/polyethylene-films-768x512.jpg 768w, http:\/\/polystarinc.com\/wp-content\/uploads\/2021\/05\/polyethylene-films.jpg 1500w\" sizes=\"(max-width: 1024px) 100vw, 1024px\" \/>\t\t\t\t\t\t\t\t<\/a>\n\t\t\t\t\t\t\t\t\t\t\t\t\t\t\t<\/div>\n\t\t\t\t<\/div>\n\t\t\t\t<div class=\"elementor-element elementor-element-119e4688 elementor-widget elementor-widget-heading\" data-id=\"119e4688\" data-element_type=\"widget\" data-e-type=\"widget\" data-widget_type=\"heading.default\">\n\t\t\t\t<div class=\"elementor-widget-container\">\n\t\t\t\t\t<h4 class=\"elementor-heading-title elementor-size-default\"><a href=\"http:\/\/polystarinc.com\/fr\/produits\/films-de-polyethylene-laspect-specialite\/\">Films de poly\u00e9thyl\u00e8ne\u2026 l\u2019aspect sp\u00e9cialit\u00e9<\/a><\/h4>\t\t\t\t<\/div>\n\t\t\t\t<\/div>\n\t\t\t\t\t<\/div>\n\t\t<\/div>\n\t\t\t\t\t<\/div>\n\t\t<\/section>\n\t\t\t\t<section class=\"elementor-section elementor-top-section elementor-element elementor-element-9955034 elementor-section-boxed elementor-section-height-default elementor-section-height-default\" data-id=\"9955034\" data-element_type=\"section\" data-e-type=\"section\">\n\t\t\t\t\t\t<div class=\"elementor-container elementor-column-gap-default\">\n\t\t\t\t\t<div class=\"elementor-column elementor-col-100 elementor-top-column elementor-element elementor-element-4d21193\" data-id=\"4d21193\" data-element_type=\"column\" data-e-type=\"column\">\n\t\t\t<div class=\"elementor-widget-wrap elementor-element-populated\">\n\t\t\t\t\t\t<div class=\"elementor-element elementor-element-78c70d5 elementor-widget elementor-widget-spacer\" data-id=\"78c70d5\" data-element_type=\"widget\" data-e-type=\"widget\" data-widget_type=\"spacer.default\">\n\t\t\t\t<div class=\"elementor-widget-container\">\n\t\t\t\t\t\t\t<div class=\"elementor-spacer\">\n\t\t\t<div class=\"elementor-spacer-inner\"><\/div>\n\t\t<\/div>\n\t\t\t\t\t\t<\/div>\n\t\t\t\t<\/div>\n\t\t\t\t\t<\/div>\n\t\t<\/div>\n\t\t\t\t\t<\/div>\n\t\t<\/section>\n\t\t\t\t<\/div>\n\t\t","protected":false},"excerpt":{"rendered":"<p>Chez POLYSTAR, nous faisons \u00e9quipe avec vous pour livrer des emballages de premier rang dans l\u2019industrie, emballages qui rehaussent l\u2019exp\u00e9rience totale du client en ce qui a trait \u00e0 votre produit. Votre emballage flexographique constitue la cl\u00e9 du succ\u00e8s de votre marque, alors vous comprendrez l\u2019importance de ne jamais l\u00e9siner sur la qualit\u00e9. L\u2019\u00e9quipement \u00e0&hellip;<\/p>\n","protected":false},"author":1,"featured_media":0,"parent":0,"menu_order":0,"comment_status":"closed","ping_status":"closed","template":"","meta":{"footnotes":""},"class_list":["post-2965","page","type-page","status-publish","hentry"],"_links":{"self":[{"href":"http:\/\/polystarinc.com\/fr\/wp-json\/wp\/v2\/pages\/2965","targetHints":{"allow":["GET"]}}],"collection":[{"href":"http:\/\/polystarinc.com\/fr\/wp-json\/wp\/v2\/pages"}],"about":[{"href":"http:\/\/polystarinc.com\/fr\/wp-json\/wp\/v2\/types\/page"}],"author":[{"embeddable":true,"href":"http:\/\/polystarinc.com\/fr\/wp-json\/wp\/v2\/users\/1"}],"replies":[{"embeddable":true,"href":"http:\/\/polystarinc.com\/fr\/wp-json\/wp\/v2\/comments?post=2965"}],"version-history":[{"count":10,"href":"http:\/\/polystarinc.com\/fr\/wp-json\/wp\/v2\/pages\/2965\/revisions"}],"predecessor-version":[{"id":3244,"href":"http:\/\/polystarinc.com\/fr\/wp-json\/wp\/v2\/pages\/2965\/revisions\/3244"}],"wp:attachment":[{"href":"http:\/\/polystarinc.com\/fr\/wp-json\/wp\/v2\/media?parent=2965"}],"curies":[{"name":"wp","href":"https:\/\/api.w.org\/{rel}","templated":true}]}}