{"id":2917,"date":"2021-12-07T17:32:11","date_gmt":"2021-12-07T22:32:11","guid":{"rendered":"http:\/\/polystarinc.com\/?page_id=2917"},"modified":"2021-12-09T10:49:55","modified_gmt":"2021-12-09T15:49:55","slug":"agriculture","status":"publish","type":"page","link":"http:\/\/polystarinc.com\/fr\/marches\/agriculture\/","title":{"rendered":"Agriculture"},"content":{"rendered":"\t\t<div data-elementor-type=\"wp-page\" data-elementor-id=\"2917\" class=\"elementor elementor-2917 elementor-1891\" data-elementor-post-type=\"page\">\n\t\t\t\t\t\t<section class=\"elementor-section elementor-top-section elementor-element elementor-element-5d96dcde elementor-section-full_width elementor-section-stretched elementor-section-height-default elementor-section-height-default\" data-id=\"5d96dcde\" data-element_type=\"section\" data-e-type=\"section\" data-settings=\"{&quot;stretch_section&quot;:&quot;section-stretched&quot;}\">\n\t\t\t\t\t\t<div class=\"elementor-container elementor-column-gap-default\">\n\t\t\t\t\t<div class=\"elementor-column elementor-col-100 elementor-top-column elementor-element elementor-element-5de57886\" data-id=\"5de57886\" data-element_type=\"column\" data-e-type=\"column\">\n\t\t\t<div class=\"elementor-widget-wrap elementor-element-populated\">\n\t\t\t\t\t\t<section class=\"elementor-section elementor-inner-section elementor-element elementor-element-365122f6 elementor-section-boxed elementor-section-height-default elementor-section-height-default\" data-id=\"365122f6\" data-element_type=\"section\" data-e-type=\"section\">\n\t\t\t\t\t\t<div class=\"elementor-container elementor-column-gap-default\">\n\t\t\t\t\t<div class=\"elementor-column elementor-col-33 elementor-inner-column elementor-element elementor-element-64310055\" data-id=\"64310055\" data-element_type=\"column\" data-e-type=\"column\">\n\t\t\t<div class=\"elementor-widget-wrap elementor-element-populated\">\n\t\t\t\t\t\t<div class=\"elementor-element elementor-element-37053e81 elementor-nav-menu--dropdown-mobile elementor-nav-menu__text-align-aside elementor-widget elementor-widget-nav-menu\" data-id=\"37053e81\" data-element_type=\"widget\" data-e-type=\"widget\" data-settings=\"{&quot;layout&quot;:&quot;vertical&quot;,&quot;submenu_icon&quot;:{&quot;value&quot;:&quot;&lt;i class=\\&quot;fas fa-caret-down\\&quot; aria-hidden=\\&quot;true\\&quot;&gt;&lt;\\\/i&gt;&quot;,&quot;library&quot;:&quot;fa-solid&quot;}}\" data-widget_type=\"nav-menu.default\">\n\t\t\t\t<div class=\"elementor-widget-container\">\n\t\t\t\t\t\t\t\t<nav aria-label=\"Menu\" class=\"elementor-nav-menu--main elementor-nav-menu__container elementor-nav-menu--layout-vertical e--pointer-text e--animation-none\">\n\t\t\t\t<ul id=\"menu-1-37053e81\" class=\"elementor-nav-menu sm-vertical\"><li class=\"menu-item menu-item-type-post_type menu-item-object-page menu-item-2960\"><a href=\"http:\/\/polystarinc.com\/fr\/marches\/alimentation\/\" class=\"elementor-item\">Alimentation<\/a><\/li>\n<li class=\"menu-item menu-item-type-post_type menu-item-object-page menu-item-2961\"><a href=\"http:\/\/polystarinc.com\/fr\/marches\/agriculture\/\" class=\"elementor-item\">Agriculture<\/a><\/li>\n<li class=\"menu-item menu-item-type-post_type menu-item-object-page menu-item-2962\"><a href=\"http:\/\/polystarinc.com\/fr\/marches\/nourriture-pour-animaux\/\" class=\"elementor-item\">Nourriture pour animaux<\/a><\/li>\n<li class=\"menu-item menu-item-type-post_type menu-item-object-page menu-item-2963\"><a href=\"http:\/\/polystarinc.com\/fr\/marches\/soins-personnels-et-industrie-pharmaceutique\/\" class=\"elementor-item\">Soins personnels et industrie pharmaceutique<\/a><\/li>\n<li class=\"menu-item menu-item-type-post_type menu-item-object-page menu-item-2964\"><a href=\"http:\/\/polystarinc.com\/fr\/marches\/envois-postaux-industries-de-specialite-autres-secteurs-et-textiles\/\" class=\"elementor-item\">Envois postaux industries de sp\u00e9cialit\u00e9, autres secteurs et textiles<\/a><\/li>\n<\/ul>\t\t\t<\/nav>\n\t\t\t\t\t\t<nav class=\"elementor-nav-menu--dropdown elementor-nav-menu__container\" aria-hidden=\"true\">\n\t\t\t\t<ul id=\"menu-2-37053e81\" class=\"elementor-nav-menu sm-vertical\"><li class=\"menu-item menu-item-type-post_type menu-item-object-page menu-item-2960\"><a href=\"http:\/\/polystarinc.com\/fr\/marches\/alimentation\/\" class=\"elementor-item\" tabindex=\"-1\">Alimentation<\/a><\/li>\n<li class=\"menu-item menu-item-type-post_type menu-item-object-page menu-item-2961\"><a href=\"http:\/\/polystarinc.com\/fr\/marches\/agriculture\/\" class=\"elementor-item\" tabindex=\"-1\">Agriculture<\/a><\/li>\n<li class=\"menu-item menu-item-type-post_type menu-item-object-page menu-item-2962\"><a href=\"http:\/\/polystarinc.com\/fr\/marches\/nourriture-pour-animaux\/\" class=\"elementor-item\" tabindex=\"-1\">Nourriture pour animaux<\/a><\/li>\n<li class=\"menu-item menu-item-type-post_type menu-item-object-page menu-item-2963\"><a href=\"http:\/\/polystarinc.com\/fr\/marches\/soins-personnels-et-industrie-pharmaceutique\/\" class=\"elementor-item\" tabindex=\"-1\">Soins personnels et industrie pharmaceutique<\/a><\/li>\n<li class=\"menu-item menu-item-type-post_type menu-item-object-page menu-item-2964\"><a href=\"http:\/\/polystarinc.com\/fr\/marches\/envois-postaux-industries-de-specialite-autres-secteurs-et-textiles\/\" class=\"elementor-item\" tabindex=\"-1\">Envois postaux industries de sp\u00e9cialit\u00e9, autres secteurs et textiles<\/a><\/li>\n<\/ul>\t\t\t<\/nav>\n\t\t\t\t\t\t<\/div>\n\t\t\t\t<\/div>\n\t\t\t\t\t<\/div>\n\t\t<\/div>\n\t\t\t\t<div class=\"elementor-column elementor-col-66 elementor-inner-column elementor-element elementor-element-5792f8ec\" data-id=\"5792f8ec\" data-element_type=\"column\" data-e-type=\"column\">\n\t\t\t<div class=\"elementor-widget-wrap elementor-element-populated\">\n\t\t\t\t\t\t<div class=\"elementor-element elementor-element-6dadc7f elementor-widget elementor-widget-heading\" data-id=\"6dadc7f\" data-element_type=\"widget\" data-e-type=\"widget\" data-widget_type=\"heading.default\">\n\t\t\t\t<div class=\"elementor-widget-container\">\n\t\t\t\t\t<h2 class=\"elementor-heading-title elementor-size-default\">Agriculture<\/h2>\t\t\t\t<\/div>\n\t\t\t\t<\/div>\n\t\t\t\t<div class=\"elementor-element elementor-element-678c912f elementor-widget elementor-widget-text-editor\" data-id=\"678c912f\" data-element_type=\"widget\" data-e-type=\"widget\" data-widget_type=\"text-editor.default\">\n\t\t\t\t<div class=\"elementor-widget-container\">\n\t\t\t\t\t\t\t\t\t<p>L\u2019agriculture est un segment de march\u00e9 qui pose des d\u00e9fis de taille! \u00c0 travers l\u2019histoire, ce segment a toujours repr\u00e9sent\u00e9 un march\u00e9 saisonnier, la majorit\u00e9 des produits \u00e9tant fabriqu\u00e9s et utilis\u00e9s sur une p\u00e9riode de courte dur\u00e9e. L\u2019hiver, on parle de divers types de produits de d\u00e9gla\u00e7age. D\u2019un autre c\u00f4t\u00e9, le printemps est tr\u00e8s exigeant avec une gamme compl\u00e8te de produits d\u2019horticulture qui consiste principalement de fertilisants, de tourbe mousseuse, d\u2019\u00e9corce\/de paillis et de diverses semences.<\/p><p><b>Quoiqu\u2019il s\u2019agisse de deux types de produits diff\u00e9rents, les d\u00e9fis qu\u2019ils posent sont sensiblement les m\u00eames:<\/b><\/p><ul><li>\u00a0S\u2019assurer d\u2019une excellente reproduction du concept, du dessin au trait aux couleurs du nuancier Pantone, au proc\u00e9d\u00e9 d\u2019impression en huit couleurs des compositions graphiques. L\u2019impression doit \u00eatre parfaite.<\/li><li>\u00a0Selon que les sacs soient entrepos\u00e9s \u00e0 l\u2019ext\u00e9rieur ou \u00e0 l\u2019int\u00e9rieur, des pellicules ou syst\u00e8mes d\u2019encrage sp\u00e9cialis\u00e9s pourraient \u00eatre requis.<\/li><li>La configuration de sac utilis\u00e9e pour ces deux march\u00e9s passe du simple sac en poly\u00e9thyl\u00e8ne imprim\u00e9 en surface au sac tenant debout imprim\u00e9 en transparence, au sac scell\u00e9 sur 3 c\u00f4t\u00e9s et au sachet tenant debout.<\/li><li>Certains produits sont emball\u00e9s sous forme de rouleaux de pellicule qui sont utilis\u00e9s sur de l\u2019\u00e9quipement automatis\u00e9.<\/li><\/ul><p>POLYSTAR et associ\u00e9s est l\u2019entreprise avec laquelle vous voulez travailler. Nous offrons une gamme compl\u00e8te de produits et sommes en mesure d\u2019imprimer jusqu\u2019\u00e0 12 couleurs. Lorsque vous \u00eates \u00e0 la recherche de sacs, de pellicule en U, de sacs tenant debout ou de sacs \u00e0 goussets lat\u00e9raux, nous pouvons vous donner un coup de main. Les sacs tenant debout sont offerts dans une vari\u00e9t\u00e9 de structures.<\/p>\t\t\t\t\t\t\t\t<\/div>\n\t\t\t\t<\/div>\n\t\t\t\t<div class=\"elementor-element elementor-element-272d44ff elementor-widget elementor-widget-image\" data-id=\"272d44ff\" data-element_type=\"widget\" data-e-type=\"widget\" data-widget_type=\"image.default\">\n\t\t\t\t<div class=\"elementor-widget-container\">\n\t\t\t\t\t\t\t\t\t\t\t\t\t\t\t<img fetchpriority=\"high\" decoding=\"async\" width=\"1024\" height=\"683\" src=\"http:\/\/polystarinc.com\/wp-content\/uploads\/2021\/05\/agriculture-1024x683.jpg\" class=\"attachment-large size-large wp-image-2821\" alt=\"\" srcset=\"http:\/\/polystarinc.com\/wp-content\/uploads\/2021\/05\/agriculture-1024x683.jpg 1024w, http:\/\/polystarinc.com\/wp-content\/uploads\/2021\/05\/agriculture-300x200.jpg 300w, http:\/\/polystarinc.com\/wp-content\/uploads\/2021\/05\/agriculture-768x512.jpg 768w, http:\/\/polystarinc.com\/wp-content\/uploads\/2021\/05\/agriculture.jpg 1500w\" sizes=\"(max-width: 1024px) 100vw, 1024px\" \/>\t\t\t\t\t\t\t\t\t\t\t\t\t\t\t<\/div>\n\t\t\t\t<\/div>\n\t\t\t\t<div class=\"elementor-element elementor-element-1874c1a3 elementor-widget elementor-widget-spacer\" data-id=\"1874c1a3\" data-element_type=\"widget\" data-e-type=\"widget\" data-widget_type=\"spacer.default\">\n\t\t\t\t<div class=\"elementor-widget-container\">\n\t\t\t\t\t\t\t<div class=\"elementor-spacer\">\n\t\t\t<div class=\"elementor-spacer-inner\"><\/div>\n\t\t<\/div>\n\t\t\t\t\t\t<\/div>\n\t\t\t\t<\/div>\n\t\t\t\t<div class=\"elementor-element elementor-element-2d81d345 elementor-widget elementor-widget-heading\" data-id=\"2d81d345\" data-element_type=\"widget\" data-e-type=\"widget\" data-widget_type=\"heading.default\">\n\t\t\t\t<div class=\"elementor-widget-container\">\n\t\t\t\t\t<h5 class=\"elementor-heading-title elementor-size-default\">D\u00e9gla\u00e7age, Fertilisant et tourbe mousseuse et Semences Produits<\/h5>\t\t\t\t<\/div>\n\t\t\t\t<\/div>\n\t\t\t\t<div class=\"elementor-element elementor-element-5f77416e elementor-widget elementor-widget-text-editor\" data-id=\"5f77416e\" data-element_type=\"widget\" data-e-type=\"widget\" data-widget_type=\"text-editor.default\">\n\t\t\t\t<div class=\"elementor-widget-container\">\n\t\t\t\t\t\t\t\t\t<p>Il s\u2019agit d\u2019un segment de march\u00e9 qui requiert des connaissances et le bon type d\u2019\u00e9quipement. Pour la plupart des produits, il vous faudra des pellicules qui pr\u00e9sentent de la robustesse, de la robustesse et une bonne capacit\u00e9 de scellage. Si l\u2019on se fonde sur notre technologie d\u2019extrusion de pellicule, nous sommes tr\u00e8s bien positionn\u00e9s pour devenir votre partenaire commercial.<\/p><p>Nous sommes en mesure de vous offrir une impression en surface ou en transparence comptant jusqu\u2019\u00e0 10 couleurs ainsi que le laminage pour produire des sacs \u00e0 base de poly\u00e9thyl\u00e8ne ainsi que des structures \u00e0 deux couches plus sophistiqu\u00e9es qui seront transform\u00e9es en sacs tenant debout.<\/p><p>Nous proposons une multitude de configurations de sacs, du sac refermable scell\u00e9 sur 3 c\u00f4t\u00e9s au sac \u00e0 ensachage par le bas avec poign\u00e9e, ainsi que des sacs \u00e0 goussets lat\u00e9raux et des sacs tenant debout fabriqu\u00e9s \u00e0 partir de structures lamin\u00e9es.<\/p><p>Selon que les sacs seront entrepos\u00e9s \u00e0 l\u2019int\u00e9rieur ou \u00e0 l\u2019ext\u00e9rieur, nous utiliserons un syst\u00e8me d\u2019encrage qui \u00e9liminera les variations d\u2019intensit\u00e9 de la couleur.<\/p><p>Si vous utilisez un syst\u00e8me d\u2019ensachage automatique et que vous fabriquez vous-m\u00eame vos sacs sur un appareil Hamer ou Premier Tech, nous connaissons les caract\u00e9ristiques techniques de ces appareils et savons quels types de pellicules sont requis pour qu\u2019ils fonctionnent de fa\u00e7on efficace et pour maximiser leur temps de disponibilit\u00e9.<\/p>\t\t\t\t\t\t\t\t<\/div>\n\t\t\t\t<\/div>\n\t\t\t\t<div class=\"elementor-element elementor-element-bd40066 elementor-widget elementor-widget-spacer\" data-id=\"bd40066\" data-element_type=\"widget\" data-e-type=\"widget\" data-widget_type=\"spacer.default\">\n\t\t\t\t<div class=\"elementor-widget-container\">\n\t\t\t\t\t\t\t<div class=\"elementor-spacer\">\n\t\t\t<div class=\"elementor-spacer-inner\"><\/div>\n\t\t<\/div>\n\t\t\t\t\t\t<\/div>\n\t\t\t\t<\/div>\n\t\t\t\t\t<\/div>\n\t\t<\/div>\n\t\t\t\t\t<\/div>\n\t\t<\/section>\n\t\t\t\t\t<\/div>\n\t\t<\/div>\n\t\t\t\t\t<\/div>\n\t\t<\/section>\n\t\t\t\t<section class=\"elementor-section elementor-top-section elementor-element elementor-element-4a134bfa elementor-section-stretched elementor-section-boxed elementor-section-height-default elementor-section-height-default\" data-id=\"4a134bfa\" data-element_type=\"section\" data-e-type=\"section\" data-settings=\"{&quot;stretch_section&quot;:&quot;section-stretched&quot;,&quot;background_background&quot;:&quot;classic&quot;}\">\n\t\t\t\t\t\t<div class=\"elementor-container elementor-column-gap-default\">\n\t\t\t\t\t<div class=\"elementor-column elementor-col-100 elementor-top-column elementor-element elementor-element-42a35d29\" data-id=\"42a35d29\" data-element_type=\"column\" data-e-type=\"column\">\n\t\t\t<div class=\"elementor-widget-wrap elementor-element-populated\">\n\t\t\t\t\t\t<div class=\"elementor-element elementor-element-3a6bd4f5 elementor-widget elementor-widget-text-editor\" data-id=\"3a6bd4f5\" data-element_type=\"widget\" data-e-type=\"widget\" data-widget_type=\"text-editor.default\">\n\t\t\t\t<div class=\"elementor-widget-container\">\n\t\t\t\t\t\t\t\t\t<h4 style=\"color: #fff;\"><span lang=\"FR-CA\">Pour plus d&rsquo;informations sur votre prochain projet d&#8217;emballage,<\/span><\/h4>\n<h4 style=\"color: #fff;\"><span lang=\"FR-CA\">appelez-nous au <a style=\"color: #fff;\" href=\"tel:+5146488171\">514.648.8171<\/a> ou envoyez un courriel \u00e0 <a style=\"color: #fff;\" href=\"mailto:information@polystarinc.com\">information@polystarinc.com <\/a><\/span><\/h4>\t\t\t\t\t\t\t\t<\/div>\n\t\t\t\t<\/div>\n\t\t\t\t\t<\/div>\n\t\t<\/div>\n\t\t\t\t\t<\/div>\n\t\t<\/section>\n\t\t\t\t<\/div>\n\t\t","protected":false},"excerpt":{"rendered":"<p>Agriculture L\u2019agriculture est un segment de march\u00e9 qui pose des d\u00e9fis de taille! \u00c0 travers l\u2019histoire, ce segment a toujours repr\u00e9sent\u00e9 un march\u00e9 saisonnier, la majorit\u00e9 des produits \u00e9tant fabriqu\u00e9s et utilis\u00e9s sur une p\u00e9riode de courte dur\u00e9e. L\u2019hiver, on parle de divers types de produits de d\u00e9gla\u00e7age. D\u2019un autre c\u00f4t\u00e9, le printemps est tr\u00e8s&hellip;<\/p>\n","protected":false},"author":1,"featured_media":0,"parent":2905,"menu_order":0,"comment_status":"closed","ping_status":"closed","template":"","meta":{"footnotes":""},"class_list":["post-2917","page","type-page","status-publish","hentry"],"_links":{"self":[{"href":"http:\/\/polystarinc.com\/fr\/wp-json\/wp\/v2\/pages\/2917","targetHints":{"allow":["GET"]}}],"collection":[{"href":"http:\/\/polystarinc.com\/fr\/wp-json\/wp\/v2\/pages"}],"about":[{"href":"http:\/\/polystarinc.com\/fr\/wp-json\/wp\/v2\/types\/page"}],"author":[{"embeddable":true,"href":"http:\/\/polystarinc.com\/fr\/wp-json\/wp\/v2\/users\/1"}],"replies":[{"embeddable":true,"href":"http:\/\/polystarinc.com\/fr\/wp-json\/wp\/v2\/comments?post=2917"}],"version-history":[{"count":13,"href":"http:\/\/polystarinc.com\/fr\/wp-json\/wp\/v2\/pages\/2917\/revisions"}],"predecessor-version":[{"id":3045,"href":"http:\/\/polystarinc.com\/fr\/wp-json\/wp\/v2\/pages\/2917\/revisions\/3045"}],"up":[{"embeddable":true,"href":"http:\/\/polystarinc.com\/fr\/wp-json\/wp\/v2\/pages\/2905"}],"wp:attachment":[{"href":"http:\/\/polystarinc.com\/fr\/wp-json\/wp\/v2\/media?parent=2917"}],"curies":[{"name":"wp","href":"https:\/\/api.w.org\/{rel}","templated":true}]}}